{"id":69,"date":"2019-09-03T11:16:56","date_gmt":"2019-09-03T14:16:56","guid":{"rendered":"http:\/\/infoportal.portaliso.com\/software-gestao-qualidade\/?page_id=69"},"modified":"2023-03-14T15:43:43","modified_gmt":"2023-03-14T18:43:43","slug":"como-desbloquear-o-meu-acesso","status":"publish","type":"page","link":"https:\/\/portal.portaliso.com\/software-gestao-qualidade\/como-desbloquear-o-meu-acesso\/","title":{"rendered":"Como desbloquear o meu acesso?"},"content":{"rendered":"<h4><img loading=\"lazy\" decoding=\"async\" class=\"alignnone wp-image-174 size-full\" title=\"Como desbloquear o meu acesso?\" src=\"\/software-gestao-qualidade\/wp-content\/uploads\/2019\/09\/NBR-ISO-9001-4.jpg\" alt=\"Software de Gest\u00e3o da Qualidade (SGQ) - ISO 9001\" width=\"33\" height=\"30\" \/>\u00a0Como desbloquear o meu acesso?<\/h4>\n<p><img loading=\"lazy\" decoding=\"async\" class=\"aligncenter wp-image-223 size-full\" title=\"Como desbloquear o meu acesso?\" src=\"\/software-gestao-qualidade\/wp-content\/uploads\/2019\/09\/Como-desbloquear-o-meu-acesso.jpg\" alt=\"Software de Gest\u00e3o da Qualidade (SGQ) - ISO 9001\" width=\"200\" height=\"200\" srcset=\"https:\/\/portal.portaliso.com\/software-gestao-qualidade\/wp-content\/uploads\/2019\/09\/Como-desbloquear-o-meu-acesso.jpg 200w, https:\/\/portal.portaliso.com\/software-gestao-qualidade\/wp-content\/uploads\/2019\/09\/Como-desbloquear-o-meu-acesso-150x150.jpg 150w, https:\/\/portal.portaliso.com\/software-gestao-qualidade\/wp-content\/uploads\/2019\/09\/Como-desbloquear-o-meu-acesso-100x100.jpg 100w\" sizes=\"auto, (max-width: 200px) 100vw, 200px\" \/><\/p>\n<p style=\"text-align: justify;\">Se voc\u00ea fez tr\u00eas tentativas de acesso ao <span style=\"color: #ff9900;\"><strong>Portal ISO<\/strong><\/span> com senha incorreta e ignorou a mensagem abaixo, o seu IP foi bloqueado.<\/p>\n<p><img loading=\"lazy\" decoding=\"async\" class=\"aligncenter wp-image-209 size-full\" title=\"CUIDADO\" src=\"\/software-gestao-qualidade\/wp-content\/uploads\/2019\/09\/Alerta-de-Login-Malsucedido.png\" alt=\"Software de Gest\u00e3o da Qualidade (SGQ) - ISO 9001\" width=\"507\" height=\"200\" srcset=\"https:\/\/portal.portaliso.com\/software-gestao-qualidade\/wp-content\/uploads\/2019\/09\/Alerta-de-Login-Malsucedido.png 507w, https:\/\/portal.portaliso.com\/software-gestao-qualidade\/wp-content\/uploads\/2019\/09\/Alerta-de-Login-Malsucedido-300x118.png 300w, https:\/\/portal.portaliso.com\/software-gestao-qualidade\/wp-content\/uploads\/2019\/09\/Alerta-de-Login-Malsucedido-410x162.png 410w, https:\/\/portal.portaliso.com\/software-gestao-qualidade\/wp-content\/uploads\/2019\/09\/Alerta-de-Login-Malsucedido-100x39.png 100w, https:\/\/portal.portaliso.com\/software-gestao-qualidade\/wp-content\/uploads\/2019\/09\/Alerta-de-Login-Malsucedido-275x108.png 275w\" sizes=\"auto, (max-width: 507px) 100vw, 507px\" \/><\/p>\n<p style=\"text-align: justify;\">E conforme informado no aviso acima, voc\u00ea e todos os outros usu\u00e1rios da sua organiza\u00e7\u00e3o n\u00e3o conseguem acessar o <strong><span style=\"color: #ff9900;\">Portal ISO<\/span><\/strong>.<\/p>\n<p style=\"text-align: justify;\">Isso acontece devido a um mecanismo de seguran\u00e7a, que busca evitar que terceiros possam descobrir a senha de um outro usu\u00e1rio atrav\u00e9s de tentativa e erro.<\/p>\n<p>&nbsp;<\/p>\n<h5><img loading=\"lazy\" decoding=\"async\" class=\"alignnone wp-image-216 size-full\" title=\"\u00a0Desbloqueio do IP\" src=\"\/software-gestao-qualidade\/wp-content\/uploads\/2019\/09\/NBR-ISO-9001-3-2.jpg\" alt=\"Software de Gest\u00e3o da Qualidade (SGQ) - ISO 9001\" width=\"32\" height=\"30\" \/>\u00a0Desbloqueio do IP<\/h5>\n<p style=\"text-align: justify;\">Quando um IP \u00e9 bloqueado devido a erros de senha, depois de <strong>uma hora<\/strong> da \u00faltima tentativa, ele \u00e9 <strong>automaticamente<\/strong> desbloqueado.<\/p>\n<p style=\"text-align: justify;\">Para ser desbloqueado antes disso, basta entrar em contato conosco por e-mail ou por telefone e nos informar o n\u00famero do seu IP.<\/p>\n<p style=\"text-align: justify;\">Para descobri qual o n\u00famero do seu IP, basta\u00a0<a href=\"https:\/\/www.registrocom.com\/fale_conosco\/\">clicar aqui<\/a>.<\/p>\n<p style=\"text-align: justify;\">IP significa Internet Protocol e \u00e9 um n\u00famero que seu computador (ou roteador) recebe quando se conecta \u00e0 Internet. \u00c9 atrav\u00e9s desse n\u00famero que seu computador \u00e9 identificado, e pode enviar e receber dados. O IP \u00e9 definido pelo seu provedor de Internet e pode ser est\u00e1tico (n\u00e3o mudar) ou din\u00e2mico (mudando de tempos em tempos).<\/p>\n","protected":false},"excerpt":{"rendered":"<p>\u00a0Como desbloquear o meu acesso? Se voc\u00ea fez tr\u00eas tentativas de acesso ao Portal ISO com senha incorreta e ignorou a mensagem abaixo, o seu IP foi bloqueado. E conforme informado no aviso acima, voc\u00ea e todos os outros usu\u00e1rios da sua organiza\u00e7\u00e3o n\u00e3o conseguem acessar o Portal ISO. Isso acontece devido a um mecanismo [&hellip;]<\/p>\n","protected":false},"author":1,"featured_media":0,"parent":0,"menu_order":0,"comment_status":"closed","ping_status":"closed","template":"","meta":{"footnotes":""},"class_list":["post-69","page","type-page","status-publish","hentry"],"yoast_head":"<!-- This site is optimized with the Yoast SEO plugin v24.3 - https:\/\/yoast.com\/wordpress\/plugins\/seo\/ -->\n<title>Como desbloquear o meu acesso - Software Gest\u00e3o Qualidade<\/title>\n<meta name=\"description\" content=\"Portal ISO \u00e9 um Software de Gest\u00e3o da Qualidade completo e seguro, se seu acesso ao Portal foi bloqueado, entre em contato conosco.\" \/>\n<meta name=\"robots\" content=\"index, follow, max-snippet:-1, max-image-preview:large, max-video-preview:-1\" \/>\n<link rel=\"canonical\" href=\"https:\/\/portal.portaliso.com\/software-gestao-qualidade\/como-desbloquear-o-meu-acesso\/\" \/>\n<meta property=\"og:locale\" content=\"pt_BR\" \/>\n<meta property=\"og:type\" content=\"article\" \/>\n<meta property=\"og:title\" content=\"Como desbloquear o meu acesso - Software Gest\u00e3o Qualidade\" \/>\n<meta property=\"og:description\" content=\"Portal ISO \u00e9 um Software de Gest\u00e3o da Qualidade completo e seguro, se seu acesso ao Portal foi bloqueado, entre em contato conosco.\" \/>\n<meta property=\"og:url\" content=\"https:\/\/portal.portaliso.com\/software-gestao-qualidade\/como-desbloquear-o-meu-acesso\/\" \/>\n<meta property=\"og:site_name\" content=\"Info Portal ISO\" \/>\n<meta property=\"article:modified_time\" content=\"2023-03-14T18:43:43+00:00\" \/>\n<meta name=\"twitter:card\" content=\"summary_large_image\" \/>\n<meta name=\"twitter:label1\" content=\"Est. tempo de leitura\" \/>\n\t<meta name=\"twitter:data1\" content=\"1 minuto\" \/>\n<script type=\"application\/ld+json\" class=\"yoast-schema-graph\">{\"@context\":\"https:\/\/schema.org\",\"@graph\":[{\"@type\":\"WebPage\",\"@id\":\"https:\/\/portal.portaliso.com\/software-gestao-qualidade\/como-desbloquear-o-meu-acesso\/\",\"url\":\"https:\/\/portal.portaliso.com\/software-gestao-qualidade\/como-desbloquear-o-meu-acesso\/\",\"name\":\"Como desbloquear o meu acesso - Software Gest\u00e3o Qualidade\",\"isPartOf\":{\"@id\":\"https:\/\/portal.portaliso.com\/software-gestao-qualidade\/#website\"},\"datePublished\":\"2019-09-03T14:16:56+00:00\",\"dateModified\":\"2023-03-14T18:43:43+00:00\",\"description\":\"Portal ISO \u00e9 um Software de Gest\u00e3o da Qualidade completo e seguro, se seu acesso ao Portal foi bloqueado, entre em contato conosco.\",\"breadcrumb\":{\"@id\":\"https:\/\/portal.portaliso.com\/software-gestao-qualidade\/como-desbloquear-o-meu-acesso\/#breadcrumb\"},\"inLanguage\":\"pt-BR\",\"potentialAction\":[{\"@type\":\"ReadAction\",\"target\":[\"https:\/\/portal.portaliso.com\/software-gestao-qualidade\/como-desbloquear-o-meu-acesso\/\"]}]},{\"@type\":\"BreadcrumbList\",\"@id\":\"https:\/\/portal.portaliso.com\/software-gestao-qualidade\/como-desbloquear-o-meu-acesso\/#breadcrumb\",\"itemListElement\":[{\"@type\":\"ListItem\",\"position\":1,\"name\":\"In\u00edcio\",\"item\":\"https:\/\/portal.portaliso.com\/software-gestao-qualidade\/\"},{\"@type\":\"ListItem\",\"position\":2,\"name\":\"Como desbloquear o meu acesso?\"}]},{\"@type\":\"WebSite\",\"@id\":\"https:\/\/portal.portaliso.com\/software-gestao-qualidade\/#website\",\"url\":\"https:\/\/portal.portaliso.com\/software-gestao-qualidade\/\",\"name\":\"Info Portal ISO\",\"description\":\"\",\"potentialAction\":[{\"@type\":\"SearchAction\",\"target\":{\"@type\":\"EntryPoint\",\"urlTemplate\":\"https:\/\/portal.portaliso.com\/software-gestao-qualidade\/?s={search_term_string}\"},\"query-input\":{\"@type\":\"PropertyValueSpecification\",\"valueRequired\":true,\"valueName\":\"search_term_string\"}}],\"inLanguage\":\"pt-BR\"}]}<\/script>\n<!-- \/ Yoast SEO plugin. -->","yoast_head_json":{"title":"Como desbloquear o meu acesso - Software Gest\u00e3o Qualidade","description":"Portal ISO \u00e9 um Software de Gest\u00e3o da Qualidade completo e seguro, se seu acesso ao Portal foi bloqueado, entre em contato conosco.","robots":{"index":"index","follow":"follow","max-snippet":"max-snippet:-1","max-image-preview":"max-image-preview:large","max-video-preview":"max-video-preview:-1"},"canonical":"https:\/\/portal.portaliso.com\/software-gestao-qualidade\/como-desbloquear-o-meu-acesso\/","og_locale":"pt_BR","og_type":"article","og_title":"Como desbloquear o meu acesso - Software Gest\u00e3o Qualidade","og_description":"Portal ISO \u00e9 um Software de Gest\u00e3o da Qualidade completo e seguro, se seu acesso ao Portal foi bloqueado, entre em contato conosco.","og_url":"https:\/\/portal.portaliso.com\/software-gestao-qualidade\/como-desbloquear-o-meu-acesso\/","og_site_name":"Info Portal ISO","article_modified_time":"2023-03-14T18:43:43+00:00","twitter_card":"summary_large_image","twitter_misc":{"Est. tempo de leitura":"1 minuto"},"schema":{"@context":"https:\/\/schema.org","@graph":[{"@type":"WebPage","@id":"https:\/\/portal.portaliso.com\/software-gestao-qualidade\/como-desbloquear-o-meu-acesso\/","url":"https:\/\/portal.portaliso.com\/software-gestao-qualidade\/como-desbloquear-o-meu-acesso\/","name":"Como desbloquear o meu acesso - Software Gest\u00e3o Qualidade","isPartOf":{"@id":"https:\/\/portal.portaliso.com\/software-gestao-qualidade\/#website"},"datePublished":"2019-09-03T14:16:56+00:00","dateModified":"2023-03-14T18:43:43+00:00","description":"Portal ISO \u00e9 um Software de Gest\u00e3o da Qualidade completo e seguro, se seu acesso ao Portal foi bloqueado, entre em contato conosco.","breadcrumb":{"@id":"https:\/\/portal.portaliso.com\/software-gestao-qualidade\/como-desbloquear-o-meu-acesso\/#breadcrumb"},"inLanguage":"pt-BR","potentialAction":[{"@type":"ReadAction","target":["https:\/\/portal.portaliso.com\/software-gestao-qualidade\/como-desbloquear-o-meu-acesso\/"]}]},{"@type":"BreadcrumbList","@id":"https:\/\/portal.portaliso.com\/software-gestao-qualidade\/como-desbloquear-o-meu-acesso\/#breadcrumb","itemListElement":[{"@type":"ListItem","position":1,"name":"In\u00edcio","item":"https:\/\/portal.portaliso.com\/software-gestao-qualidade\/"},{"@type":"ListItem","position":2,"name":"Como desbloquear o meu acesso?"}]},{"@type":"WebSite","@id":"https:\/\/portal.portaliso.com\/software-gestao-qualidade\/#website","url":"https:\/\/portal.portaliso.com\/software-gestao-qualidade\/","name":"Info Portal ISO","description":"","potentialAction":[{"@type":"SearchAction","target":{"@type":"EntryPoint","urlTemplate":"https:\/\/portal.portaliso.com\/software-gestao-qualidade\/?s={search_term_string}"},"query-input":{"@type":"PropertyValueSpecification","valueRequired":true,"valueName":"search_term_string"}}],"inLanguage":"pt-BR"}]}},"_links":{"self":[{"href":"https:\/\/portal.portaliso.com\/software-gestao-qualidade\/wp-json\/wp\/v2\/pages\/69","targetHints":{"allow":["GET"]}}],"collection":[{"href":"https:\/\/portal.portaliso.com\/software-gestao-qualidade\/wp-json\/wp\/v2\/pages"}],"about":[{"href":"https:\/\/portal.portaliso.com\/software-gestao-qualidade\/wp-json\/wp\/v2\/types\/page"}],"author":[{"embeddable":true,"href":"https:\/\/portal.portaliso.com\/software-gestao-qualidade\/wp-json\/wp\/v2\/users\/1"}],"replies":[{"embeddable":true,"href":"https:\/\/portal.portaliso.com\/software-gestao-qualidade\/wp-json\/wp\/v2\/comments?post=69"}],"version-history":[{"count":8,"href":"https:\/\/portal.portaliso.com\/software-gestao-qualidade\/wp-json\/wp\/v2\/pages\/69\/revisions"}],"predecessor-version":[{"id":503,"href":"https:\/\/portal.portaliso.com\/software-gestao-qualidade\/wp-json\/wp\/v2\/pages\/69\/revisions\/503"}],"wp:attachment":[{"href":"https:\/\/portal.portaliso.com\/software-gestao-qualidade\/wp-json\/wp\/v2\/media?parent=69"}],"curies":[{"name":"wp","href":"https:\/\/api.w.org\/{rel}","templated":true}]}}