{"id":65,"date":"2019-09-03T11:13:39","date_gmt":"2019-09-03T14:13:39","guid":{"rendered":"http:\/\/infoportal.portaliso.com\/software-gestao-qualidade\/?page_id=65"},"modified":"2023-03-14T15:42:17","modified_gmt":"2023-03-14T18:42:17","slug":"como-recuperar-a-minha-senha","status":"publish","type":"page","link":"https:\/\/portal.portaliso.com\/software-gestao-qualidade\/como-recuperar-a-minha-senha\/","title":{"rendered":"Como recuperar a minha senha?"},"content":{"rendered":"<h4><img loading=\"lazy\" decoding=\"async\" class=\"alignnone wp-image-174 size-full\" title=\"Como recuperar a minha senha?\" src=\"\/software-gestao-qualidade\/wp-content\/uploads\/2019\/09\/NBR-ISO-9001-4.jpg\" alt=\"Software de Gest\u00e3o da Qualidade (SGQ) - ISO 9001\" width=\"33\" height=\"30\" \/>\u00a0Como recuperar a minha senha?<\/h4>\n<p><img loading=\"lazy\" decoding=\"async\" class=\"aligncenter wp-image-202 size-medium\" title=\"Como recuperar a minha senha?\" src=\"\/software-gestao-qualidade\/wp-content\/uploads\/2019\/09\/Como-recuperar-a-minha-senha-300x200.jpg\" alt=\"Software de Gest\u00e3o da Qualidade (SGQ) - ISO 9001\" width=\"300\" height=\"200\" srcset=\"https:\/\/portal.portaliso.com\/software-gestao-qualidade\/wp-content\/uploads\/2019\/09\/Como-recuperar-a-minha-senha.jpg 300w, https:\/\/portal.portaliso.com\/software-gestao-qualidade\/wp-content\/uploads\/2019\/09\/Como-recuperar-a-minha-senha-100x67.jpg 100w, https:\/\/portal.portaliso.com\/software-gestao-qualidade\/wp-content\/uploads\/2019\/09\/Como-recuperar-a-minha-senha-275x183.jpg 275w, https:\/\/portal.portaliso.com\/software-gestao-qualidade\/wp-content\/uploads\/2019\/09\/Como-recuperar-a-minha-senha-272x182.jpg 272w\" sizes=\"auto, (max-width: 300px) 100vw, 300px\" \/><\/p>\n<p style=\"text-align: justify;\">Se voc\u00ea n\u00e3o se lembra qual a sua senha ou se a mensagem abaixo apareceu na sua tela, n\u00e3o realize mais de duas tentativas de acesso incorretas.<\/p>\n<p><img loading=\"lazy\" decoding=\"async\" class=\"aligncenter wp-image-209 size-full\" title=\"CUIDADO\" src=\"\/software-gestao-qualidade\/wp-content\/uploads\/2019\/09\/Alerta-de-Login-Malsucedido.png\" alt=\"Software de Gest\u00e3o da Qualidade (SGQ) - ISO 9001\" width=\"507\" height=\"200\" srcset=\"https:\/\/portal.portaliso.com\/software-gestao-qualidade\/wp-content\/uploads\/2019\/09\/Alerta-de-Login-Malsucedido.png 507w, https:\/\/portal.portaliso.com\/software-gestao-qualidade\/wp-content\/uploads\/2019\/09\/Alerta-de-Login-Malsucedido-300x118.png 300w, https:\/\/portal.portaliso.com\/software-gestao-qualidade\/wp-content\/uploads\/2019\/09\/Alerta-de-Login-Malsucedido-410x162.png 410w, https:\/\/portal.portaliso.com\/software-gestao-qualidade\/wp-content\/uploads\/2019\/09\/Alerta-de-Login-Malsucedido-100x39.png 100w, https:\/\/portal.portaliso.com\/software-gestao-qualidade\/wp-content\/uploads\/2019\/09\/Alerta-de-Login-Malsucedido-275x108.png 275w\" sizes=\"auto, (max-width: 507px) 100vw, 507px\" \/><\/p>\n<p style=\"text-align: justify;\">Se voc\u00ea insistir o seu IP ser\u00e1 bloqueado e todos os usu\u00e1rios de sua organiza\u00e7\u00e3o ser\u00e3o bloqueados. Clique em &#8216;Esqueceu a Senha?&#8217; para recuperar sua senha.<\/p>\n<p>&nbsp;<\/p>\n<h5><img loading=\"lazy\" decoding=\"async\" class=\"alignnone wp-image-216 size-full\" title=\"Recuperando a senha\" src=\"\/software-gestao-qualidade\/wp-content\/uploads\/2019\/09\/NBR-ISO-9001-3-2.jpg\" alt=\"Software de Gest\u00e3o da Qualidade (SGQ) - ISO 9001\" width=\"32\" height=\"30\" \/>Recuperando a senha<\/h5>\n<p><strong>Passo 1:<\/strong><\/p>\n<p style=\"padding-left: 30px;\">Na tela de login do<strong><span style=\"color: #ff9900;\"> Portal ISO<\/span><\/strong>, clique em &#8216;Esqueceu a Senha?&#8217;<\/p>\n<p><strong>Passo 2:<\/strong><\/p>\n<p style=\"padding-left: 30px;\">Conforme imagem abaixo, informe o login e clique em &#8216;Recuperar Senha&#8217;.<\/p>\n<p><img loading=\"lazy\" decoding=\"async\" class=\"aligncenter wp-image-214 size-full\" title=\"Recupera\u00e7\u00e3o de Senha\" src=\"\/software-gestao-qualidade\/wp-content\/uploads\/2019\/09\/recupera\u00e7\u00e3o-de-senha.png\" alt=\"Software de Gest\u00e3o da Qualidade (SGQ) - ISO 9001\" width=\"432\" height=\"170\" srcset=\"https:\/\/portal.portaliso.com\/software-gestao-qualidade\/wp-content\/uploads\/2019\/09\/recupera\u00e7\u00e3o-de-senha.png 432w, https:\/\/portal.portaliso.com\/software-gestao-qualidade\/wp-content\/uploads\/2019\/09\/recupera\u00e7\u00e3o-de-senha-300x118.png 300w, https:\/\/portal.portaliso.com\/software-gestao-qualidade\/wp-content\/uploads\/2019\/09\/recupera\u00e7\u00e3o-de-senha-410x161.png 410w, https:\/\/portal.portaliso.com\/software-gestao-qualidade\/wp-content\/uploads\/2019\/09\/recupera\u00e7\u00e3o-de-senha-100x39.png 100w, https:\/\/portal.portaliso.com\/software-gestao-qualidade\/wp-content\/uploads\/2019\/09\/recupera\u00e7\u00e3o-de-senha-275x108.png 275w\" sizes=\"auto, (max-width: 432px) 100vw, 432px\" \/><\/p>\n<p><strong>Passo 3:<\/strong><\/p>\n<p style=\"padding-left: 30px; text-align: justify;\">Imediatamente ser\u00e1 enviado um e-mail para voc\u00ea com o assunto &#8216;<span class=\"ITWTqi_23IoOPmK3O6ErT\">Solicita\u00e7\u00e3o para resetar a senha do seu Usu\u00e1rio&#8217;, enviada por\u00a0<span class=\"_2LDBlAH0cF64rqMHa4viCd\"><span class=\"VHquDtYElxQkNvZKxCJct lpc-hoverTarget\" tabindex=\"0\" role=\"button\" aria-label=\"Abre o Cart\u00e3o de Perfil de RegistroCom.Com\" aria-haspopup=\"dialog\">registrocom@registrocom.com. Se n\u00e3o estiver na sua Caixa de Entrada, verifique se est\u00e1 na Caixa de Spam.<\/span><\/span><\/span><\/p>\n<p style=\"padding-left: 30px; text-align: justify;\">Clique no link enviado na mensagem, voc\u00ea ser\u00e1 redirecionado para uma p\u00e1gina de &#8220;Reset de Senha&#8221; no site registrocom.com<\/p>\n<p><strong>Passo 4:<\/strong><\/p>\n<p style=\"padding-left: 30px;\">Informe a nova senha e clique em &#8216;Confirmar&#8217;.<\/p>\n<p><img loading=\"lazy\" decoding=\"async\" class=\"aligncenter wp-image-218 size-full\" title=\"Reset de Senha\" src=\"\/software-gestao-qualidade\/wp-content\/uploads\/2019\/09\/Reset-de-Senha-Do-Usu\u00e1rio.png\" alt=\"Software de Gest\u00e3o da Qualidade (SGQ) - ISO 9001\" width=\"563\" height=\"191\" srcset=\"https:\/\/portal.portaliso.com\/software-gestao-qualidade\/wp-content\/uploads\/2019\/09\/Reset-de-Senha-Do-Usu\u00e1rio.png 563w, https:\/\/portal.portaliso.com\/software-gestao-qualidade\/wp-content\/uploads\/2019\/09\/Reset-de-Senha-Do-Usu\u00e1rio-300x102.png 300w, https:\/\/portal.portaliso.com\/software-gestao-qualidade\/wp-content\/uploads\/2019\/09\/Reset-de-Senha-Do-Usu\u00e1rio-410x139.png 410w, https:\/\/portal.portaliso.com\/software-gestao-qualidade\/wp-content\/uploads\/2019\/09\/Reset-de-Senha-Do-Usu\u00e1rio-100x34.png 100w, https:\/\/portal.portaliso.com\/software-gestao-qualidade\/wp-content\/uploads\/2019\/09\/Reset-de-Senha-Do-Usu\u00e1rio-275x93.png 275w\" sizes=\"auto, (max-width: 563px) 100vw, 563px\" \/><\/p>\n<p>Imediatamente ap\u00f3s isso, j\u00e1 ser\u00e1 poss\u00edvel acessar o seu\u00a0<strong><span style=\"color: #ff9900;\">Portal ISO<\/span><\/strong> com a nova senha.<\/p>\n","protected":false},"excerpt":{"rendered":"<p>\u00a0Como recuperar a minha senha? Se voc\u00ea n\u00e3o se lembra qual a sua senha ou se a mensagem abaixo apareceu na sua tela, n\u00e3o realize mais de duas tentativas de acesso incorretas. Se voc\u00ea insistir o seu IP ser\u00e1 bloqueado e todos os usu\u00e1rios de sua organiza\u00e7\u00e3o ser\u00e3o bloqueados. Clique em &#8216;Esqueceu a Senha?&#8217; para [&hellip;]<\/p>\n","protected":false},"author":1,"featured_media":0,"parent":0,"menu_order":0,"comment_status":"closed","ping_status":"closed","template":"","meta":{"footnotes":""},"class_list":["post-65","page","type-page","status-publish","hentry"],"yoast_head":"<!-- This site is optimized with the Yoast SEO plugin v24.3 - https:\/\/yoast.com\/wordpress\/plugins\/seo\/ -->\n<title>Como recuperar a minha senha - Software Gest\u00e3o Qualidade<\/title>\n<meta name=\"description\" content=\"Portal ISO \u00e9 um Software de Gest\u00e3o da Qualidade completo e seguro, v\u00e1rias tentativas incorretas da senha bloquear\u00e3o seu acesso ao Portal.\" \/>\n<meta name=\"robots\" content=\"index, follow, max-snippet:-1, max-image-preview:large, max-video-preview:-1\" \/>\n<link rel=\"canonical\" href=\"https:\/\/portal.portaliso.com\/software-gestao-qualidade\/como-recuperar-a-minha-senha\/\" \/>\n<meta property=\"og:locale\" content=\"pt_BR\" \/>\n<meta property=\"og:type\" content=\"article\" \/>\n<meta property=\"og:title\" content=\"Como recuperar a minha senha - Software Gest\u00e3o Qualidade\" \/>\n<meta property=\"og:description\" content=\"Portal ISO \u00e9 um Software de Gest\u00e3o da Qualidade completo e seguro, v\u00e1rias tentativas incorretas da senha bloquear\u00e3o seu acesso ao Portal.\" \/>\n<meta property=\"og:url\" content=\"https:\/\/portal.portaliso.com\/software-gestao-qualidade\/como-recuperar-a-minha-senha\/\" \/>\n<meta property=\"og:site_name\" content=\"Info Portal ISO\" \/>\n<meta property=\"article:modified_time\" content=\"2023-03-14T18:42:17+00:00\" \/>\n<meta name=\"twitter:card\" content=\"summary_large_image\" \/>\n<meta name=\"twitter:label1\" content=\"Est. tempo de leitura\" \/>\n\t<meta name=\"twitter:data1\" content=\"1 minuto\" \/>\n<script type=\"application\/ld+json\" class=\"yoast-schema-graph\">{\"@context\":\"https:\/\/schema.org\",\"@graph\":[{\"@type\":\"WebPage\",\"@id\":\"https:\/\/portal.portaliso.com\/software-gestao-qualidade\/como-recuperar-a-minha-senha\/\",\"url\":\"https:\/\/portal.portaliso.com\/software-gestao-qualidade\/como-recuperar-a-minha-senha\/\",\"name\":\"Como recuperar a minha senha - Software Gest\u00e3o Qualidade\",\"isPartOf\":{\"@id\":\"https:\/\/portal.portaliso.com\/software-gestao-qualidade\/#website\"},\"datePublished\":\"2019-09-03T14:13:39+00:00\",\"dateModified\":\"2023-03-14T18:42:17+00:00\",\"description\":\"Portal ISO \u00e9 um Software de Gest\u00e3o da Qualidade completo e seguro, v\u00e1rias tentativas incorretas da senha bloquear\u00e3o seu acesso ao Portal.\",\"breadcrumb\":{\"@id\":\"https:\/\/portal.portaliso.com\/software-gestao-qualidade\/como-recuperar-a-minha-senha\/#breadcrumb\"},\"inLanguage\":\"pt-BR\",\"potentialAction\":[{\"@type\":\"ReadAction\",\"target\":[\"https:\/\/portal.portaliso.com\/software-gestao-qualidade\/como-recuperar-a-minha-senha\/\"]}]},{\"@type\":\"BreadcrumbList\",\"@id\":\"https:\/\/portal.portaliso.com\/software-gestao-qualidade\/como-recuperar-a-minha-senha\/#breadcrumb\",\"itemListElement\":[{\"@type\":\"ListItem\",\"position\":1,\"name\":\"In\u00edcio\",\"item\":\"https:\/\/portal.portaliso.com\/software-gestao-qualidade\/\"},{\"@type\":\"ListItem\",\"position\":2,\"name\":\"Como recuperar a minha senha?\"}]},{\"@type\":\"WebSite\",\"@id\":\"https:\/\/portal.portaliso.com\/software-gestao-qualidade\/#website\",\"url\":\"https:\/\/portal.portaliso.com\/software-gestao-qualidade\/\",\"name\":\"Info Portal ISO\",\"description\":\"\",\"potentialAction\":[{\"@type\":\"SearchAction\",\"target\":{\"@type\":\"EntryPoint\",\"urlTemplate\":\"https:\/\/portal.portaliso.com\/software-gestao-qualidade\/?s={search_term_string}\"},\"query-input\":{\"@type\":\"PropertyValueSpecification\",\"valueRequired\":true,\"valueName\":\"search_term_string\"}}],\"inLanguage\":\"pt-BR\"}]}<\/script>\n<!-- \/ Yoast SEO plugin. -->","yoast_head_json":{"title":"Como recuperar a minha senha - Software Gest\u00e3o Qualidade","description":"Portal ISO \u00e9 um Software de Gest\u00e3o da Qualidade completo e seguro, v\u00e1rias tentativas incorretas da senha bloquear\u00e3o seu acesso ao Portal.","robots":{"index":"index","follow":"follow","max-snippet":"max-snippet:-1","max-image-preview":"max-image-preview:large","max-video-preview":"max-video-preview:-1"},"canonical":"https:\/\/portal.portaliso.com\/software-gestao-qualidade\/como-recuperar-a-minha-senha\/","og_locale":"pt_BR","og_type":"article","og_title":"Como recuperar a minha senha - Software Gest\u00e3o Qualidade","og_description":"Portal ISO \u00e9 um Software de Gest\u00e3o da Qualidade completo e seguro, v\u00e1rias tentativas incorretas da senha bloquear\u00e3o seu acesso ao Portal.","og_url":"https:\/\/portal.portaliso.com\/software-gestao-qualidade\/como-recuperar-a-minha-senha\/","og_site_name":"Info Portal ISO","article_modified_time":"2023-03-14T18:42:17+00:00","twitter_card":"summary_large_image","twitter_misc":{"Est. tempo de leitura":"1 minuto"},"schema":{"@context":"https:\/\/schema.org","@graph":[{"@type":"WebPage","@id":"https:\/\/portal.portaliso.com\/software-gestao-qualidade\/como-recuperar-a-minha-senha\/","url":"https:\/\/portal.portaliso.com\/software-gestao-qualidade\/como-recuperar-a-minha-senha\/","name":"Como recuperar a minha senha - Software Gest\u00e3o Qualidade","isPartOf":{"@id":"https:\/\/portal.portaliso.com\/software-gestao-qualidade\/#website"},"datePublished":"2019-09-03T14:13:39+00:00","dateModified":"2023-03-14T18:42:17+00:00","description":"Portal ISO \u00e9 um Software de Gest\u00e3o da Qualidade completo e seguro, v\u00e1rias tentativas incorretas da senha bloquear\u00e3o seu acesso ao Portal.","breadcrumb":{"@id":"https:\/\/portal.portaliso.com\/software-gestao-qualidade\/como-recuperar-a-minha-senha\/#breadcrumb"},"inLanguage":"pt-BR","potentialAction":[{"@type":"ReadAction","target":["https:\/\/portal.portaliso.com\/software-gestao-qualidade\/como-recuperar-a-minha-senha\/"]}]},{"@type":"BreadcrumbList","@id":"https:\/\/portal.portaliso.com\/software-gestao-qualidade\/como-recuperar-a-minha-senha\/#breadcrumb","itemListElement":[{"@type":"ListItem","position":1,"name":"In\u00edcio","item":"https:\/\/portal.portaliso.com\/software-gestao-qualidade\/"},{"@type":"ListItem","position":2,"name":"Como recuperar a minha senha?"}]},{"@type":"WebSite","@id":"https:\/\/portal.portaliso.com\/software-gestao-qualidade\/#website","url":"https:\/\/portal.portaliso.com\/software-gestao-qualidade\/","name":"Info Portal ISO","description":"","potentialAction":[{"@type":"SearchAction","target":{"@type":"EntryPoint","urlTemplate":"https:\/\/portal.portaliso.com\/software-gestao-qualidade\/?s={search_term_string}"},"query-input":{"@type":"PropertyValueSpecification","valueRequired":true,"valueName":"search_term_string"}}],"inLanguage":"pt-BR"}]}},"_links":{"self":[{"href":"https:\/\/portal.portaliso.com\/software-gestao-qualidade\/wp-json\/wp\/v2\/pages\/65","targetHints":{"allow":["GET"]}}],"collection":[{"href":"https:\/\/portal.portaliso.com\/software-gestao-qualidade\/wp-json\/wp\/v2\/pages"}],"about":[{"href":"https:\/\/portal.portaliso.com\/software-gestao-qualidade\/wp-json\/wp\/v2\/types\/page"}],"author":[{"embeddable":true,"href":"https:\/\/portal.portaliso.com\/software-gestao-qualidade\/wp-json\/wp\/v2\/users\/1"}],"replies":[{"embeddable":true,"href":"https:\/\/portal.portaliso.com\/software-gestao-qualidade\/wp-json\/wp\/v2\/comments?post=65"}],"version-history":[{"count":13,"href":"https:\/\/portal.portaliso.com\/software-gestao-qualidade\/wp-json\/wp\/v2\/pages\/65\/revisions"}],"predecessor-version":[{"id":502,"href":"https:\/\/portal.portaliso.com\/software-gestao-qualidade\/wp-json\/wp\/v2\/pages\/65\/revisions\/502"}],"wp:attachment":[{"href":"https:\/\/portal.portaliso.com\/software-gestao-qualidade\/wp-json\/wp\/v2\/media?parent=65"}],"curies":[{"name":"wp","href":"https:\/\/api.w.org\/{rel}","templated":true}]}}