{"id":63,"date":"2019-09-03T11:12:01","date_gmt":"2019-09-03T14:12:01","guid":{"rendered":"http:\/\/infoportal.portaliso.com\/software-gestao-qualidade\/?page_id=63"},"modified":"2024-05-08T13:42:04","modified_gmt":"2024-05-08T16:42:04","slug":"como-liberar-acesso-de-um-usuario","status":"publish","type":"page","link":"https:\/\/portal.portaliso.com\/software-gestao-qualidade\/como-liberar-acesso-de-um-usuario\/","title":{"rendered":"Como liberar acesso de um usu\u00e1rio?"},"content":{"rendered":"<h4><img loading=\"lazy\" decoding=\"async\" class=\"alignnone wp-image-174 size-full\" title=\"Como liberar acesso de um usu\u00e1rio?\" src=\"\/software-gestao-qualidade\/wp-content\/uploads\/2019\/09\/NBR-ISO-9001-4.jpg\" alt=\"Software de Gest\u00e3o da Qualidade (SGQ) - ISO 9001\" width=\"33\" height=\"30\" \/>\u00a0Como liberar acesso de um usu\u00e1rio?<\/h4>\n<p><img loading=\"lazy\" decoding=\"async\" class=\"aligncenter wp-image-197 size-full\" title=\"Como liberar acesso de um usu\u00e1rio?\" src=\"\/software-gestao-qualidade\/wp-content\/uploads\/2019\/09\/Como-liberar-acesso-de-um-usu\u00e1rio.png\" alt=\"Software de Gest\u00e3o da Qualidade (SGQ) - ISO 9001\" width=\"177\" height=\"200\" srcset=\"https:\/\/portal.portaliso.com\/software-gestao-qualidade\/wp-content\/uploads\/2019\/09\/Como-liberar-acesso-de-um-usu\u00e1rio.png 177w, https:\/\/portal.portaliso.com\/software-gestao-qualidade\/wp-content\/uploads\/2019\/09\/Como-liberar-acesso-de-um-usu\u00e1rio-100x113.png 100w\" sizes=\"auto, (max-width: 177px) 100vw, 177px\" \/><\/p>\n<p>Qualquer pessoa pode <a href=\"https:\/\/portal.portaliso.com\/software-gestao-qualidade\/como-criar-novo-usuario\/\">criar um novo usu\u00e1rio<\/a> para utilizar algum de nossos servi\u00e7os.<\/p>\n<p style=\"text-align: justify;\">Depois de criar um novo usu\u00e1rio, \u00e9 poss\u00edvel acessar a tela de <a href=\"https:\/\/controlador-autorizacao.portaliso.com\/\">login do <strong>Portal ISO<\/strong><\/a> com o login e a senha. Mas essa pessoa n\u00e3o conseguir\u00e1 acessar nenhum m\u00f3dulo de nenhum Portal.<\/p>\n<p style=\"text-align: justify;\">O respons\u00e1vel por adicionar ou remover autoriza\u00e7\u00f5es de acesso \u00e9 o <strong>Gestor<\/strong> de cada Portal. \u00c9 o <strong>Gestor<\/strong> que define:<\/p>\n<p style=\"padding-left: 30px;\"><img loading=\"lazy\" decoding=\"async\" class=\"alignnone wp-image-200 size-full\" title=\"Portal ISO\" src=\"\/software-gestao-qualidade\/wp-content\/uploads\/2019\/09\/Sistema-de-Gest\u00e3o-da-Qualidade.jpg\" alt=\"Software de Gest\u00e3o da Qualidade (SGQ) - ISO 9001\" width=\"21\" height=\"20\" \/>\u00a0quem pode acessar o Portal da sua organiza\u00e7\u00e3o;<br \/>\n<img loading=\"lazy\" decoding=\"async\" class=\"alignnone wp-image-200 size-full\" title=\"Portal ISO\" src=\"\/software-gestao-qualidade\/wp-content\/uploads\/2019\/09\/Sistema-de-Gest\u00e3o-da-Qualidade.jpg\" alt=\"Software de Gest\u00e3o da Qualidade (SGQ) - ISO 9001\" width=\"21\" height=\"20\" \/>\u00a0quais m\u00f3dulos o usu\u00e1rio poder\u00e1 acessar, por exemplo GED, Chamados ou Requisitos; e<br \/>\n<img loading=\"lazy\" decoding=\"async\" class=\"alignnone wp-image-200 size-full\" title=\"Portal ISO\" src=\"\/software-gestao-qualidade\/wp-content\/uploads\/2019\/09\/Sistema-de-Gest\u00e3o-da-Qualidade.jpg\" alt=\"Software de Gest\u00e3o da Qualidade (SGQ) - ISO 9001\" width=\"21\" height=\"20\" \/>\u00a0qual tipo de acesso ser\u00e1 concedido a ele, por exemplo leitor, editor ou aprovador.<\/p>\n<p style=\"text-align: justify;\">Se voc\u00ea criou um novo usu\u00e1rio, mas ainda n\u00e3o consegue acessar o Portal da sua organiza\u00e7\u00e3o, entre em contato com o <strong>Gestor<\/strong> do Portal da sua organiza\u00e7\u00e3o, ele \u00e9 o colaborador respons\u00e1vel pelo <strong><span style=\"color: #ff9900;\">Portal ISO<\/span><\/strong> dentro da sua organiza\u00e7\u00e3o. Ele que pode liberar o acesso de novos usu\u00e1rios ou remover o acesso de um ex-colaborador.<\/p>\n<p>&nbsp;<\/p>\n<h5><img loading=\"lazy\" decoding=\"async\" class=\"alignnone wp-image-206 size-full\" title=\"Orienta\u00e7\u00f5es iniciais para o Gestor\" src=\"\/software-gestao-qualidade\/wp-content\/uploads\/2019\/09\/NBR-ISO-9001-2-1.jpg\" alt=\"Software de Gest\u00e3o da Qualidade (SGQ) - ISO 9001\" width=\"30\" height=\"30\" \/>\u00a0Orienta\u00e7\u00f5es iniciais para o Gestor<\/h5>\n<p style=\"text-align: justify;\">Se voc\u00ea \u00e9 o <strong>Gestor<\/strong> do Portal da sua organiza\u00e7\u00e3o e est\u00e1 procurando informa\u00e7\u00f5es sobre como liberar acesso de novos usu\u00e1rios, existe um Central de Ajuda espec\u00edfica para isso.<\/p>\n<p style=\"text-align: justify;\">Depois de logar no <strong><span style=\"color: #ff9900;\">Portal ISO<\/span><\/strong> com os seus dados de login e senha, voc\u00ea encontrar\u00e1 a Central de Ajuda na op\u00e7\u00e3o &#8216;Gerenciamento das Autoriza\u00e7\u00f5es&#8217;, localizada no canto superior direito da sua tela, conforme imagem abaixo:<\/p>\n<p><img loading=\"lazy\" decoding=\"async\" class=\"aligncenter wp-image-841 size-full\" title=\"Como liberar acesso de um usu\u00e1rio?\" src=\"\/software-gestao-qualidade\/wp-content\/uploads\/2024\/05\/gerenciamento-das-autorizacoes.png\" alt=\"\" width=\"1000\" height=\"346\" srcset=\"https:\/\/portal.portaliso.com\/software-gestao-qualidade\/wp-content\/uploads\/2024\/05\/gerenciamento-das-autorizacoes.png 1000w, https:\/\/portal.portaliso.com\/software-gestao-qualidade\/wp-content\/uploads\/2024\/05\/gerenciamento-das-autorizacoes-300x104.png 300w, https:\/\/portal.portaliso.com\/software-gestao-qualidade\/wp-content\/uploads\/2024\/05\/gerenciamento-das-autorizacoes-768x266.png 768w, https:\/\/portal.portaliso.com\/software-gestao-qualidade\/wp-content\/uploads\/2024\/05\/gerenciamento-das-autorizacoes-700x242.png 700w, https:\/\/portal.portaliso.com\/software-gestao-qualidade\/wp-content\/uploads\/2024\/05\/gerenciamento-das-autorizacoes-410x142.png 410w, https:\/\/portal.portaliso.com\/software-gestao-qualidade\/wp-content\/uploads\/2024\/05\/gerenciamento-das-autorizacoes-100x35.png 100w, https:\/\/portal.portaliso.com\/software-gestao-qualidade\/wp-content\/uploads\/2024\/05\/gerenciamento-das-autorizacoes-275x95.png 275w\" sizes=\"auto, (max-width: 1000px) 100vw, 1000px\" \/><\/p>\n<p>Se desejar, o <strong>Gestor<\/strong> tamb\u00e9m pode solicitar orienta\u00e7\u00f5es ou treinamento com a nossa equipe de suporte.<\/p>\n<p>&nbsp;<\/p>\n<h5><img loading=\"lazy\" decoding=\"async\" class=\"alignnone wp-image-179 size-full\" title=\"Conceito de Gestor\" src=\"\/software-gestao-qualidade\/wp-content\/uploads\/2019\/09\/NBR-ISO-9001-3-1.jpg\" alt=\"Software de Gest\u00e3o da Qualidade (SGQ) - ISO 9001\" width=\"32\" height=\"30\" \/>\u00a0Conceito de Gestor<\/h5>\n<p style=\"text-align: justify;\">O\u00a0<strong>Gestor<\/strong> do Portal \u00e9 designado no contrato e \u00e9 a pessoa respons\u00e1vel por\u00a0incluir e remover usu\u00e1rios do software, conceder e remover autoriza\u00e7\u00f5es em todos os m\u00f3dulos do <strong><span style=\"color: #ff9900;\">Portal ISO<\/span><\/strong>.<\/p>\n<p style=\"text-align: justify;\">No contrato de Presta\u00e7\u00e3o de Servi\u00e7o do <strong><span style=\"color: #ff9900;\">Portal ISO<\/span><\/strong>, dispon\u00edvel <a href=\"https:\/\/www.registrocom.com\/contratos\/contrato_de_hospedagem_portal_iso.jsf\">nesse link<\/a> encontramos o\u00a0<strong>Conceito de Gestor do Portal<\/strong>.<\/p>\n","protected":false},"excerpt":{"rendered":"<p>\u00a0Como liberar acesso de um usu\u00e1rio? Qualquer pessoa pode criar um novo usu\u00e1rio para utilizar algum de nossos servi\u00e7os. Depois de criar um novo usu\u00e1rio, \u00e9 poss\u00edvel acessar a tela de login do Portal ISO com o login e a senha. Mas essa pessoa n\u00e3o conseguir\u00e1 acessar nenhum m\u00f3dulo de nenhum Portal. O respons\u00e1vel por [&hellip;]<\/p>\n","protected":false},"author":1,"featured_media":0,"parent":0,"menu_order":0,"comment_status":"closed","ping_status":"closed","template":"","meta":{"footnotes":""},"class_list":["post-63","page","type-page","status-publish","hentry"],"yoast_head":"<!-- This site is optimized with the Yoast SEO plugin v24.3 - https:\/\/yoast.com\/wordpress\/plugins\/seo\/ -->\n<title>Como liberar acesso de um usu\u00e1rio - Software Gest\u00e3o Qualidade<\/title>\n<meta name=\"description\" content=\"Portal ISO \u00e9 um Software de Gest\u00e3o da Qualidade completo, o respons\u00e1vel por liberar ou remover acesso de um usu\u00e1rio \u00e9 o Gestor do Portal.\" \/>\n<meta name=\"robots\" content=\"index, follow, max-snippet:-1, max-image-preview:large, max-video-preview:-1\" \/>\n<link rel=\"canonical\" href=\"https:\/\/portal.portaliso.com\/software-gestao-qualidade\/como-liberar-acesso-de-um-usuario\/\" \/>\n<meta property=\"og:locale\" content=\"pt_BR\" \/>\n<meta property=\"og:type\" content=\"article\" \/>\n<meta property=\"og:title\" content=\"Como liberar acesso de um usu\u00e1rio - Software Gest\u00e3o Qualidade\" \/>\n<meta property=\"og:description\" content=\"Portal ISO \u00e9 um Software de Gest\u00e3o da Qualidade completo, o respons\u00e1vel por liberar ou remover acesso de um usu\u00e1rio \u00e9 o Gestor do Portal.\" \/>\n<meta property=\"og:url\" content=\"https:\/\/portal.portaliso.com\/software-gestao-qualidade\/como-liberar-acesso-de-um-usuario\/\" \/>\n<meta property=\"og:site_name\" content=\"Info Portal ISO\" \/>\n<meta property=\"article:modified_time\" content=\"2024-05-08T16:42:04+00:00\" \/>\n<meta name=\"twitter:card\" content=\"summary_large_image\" \/>\n<meta name=\"twitter:label1\" content=\"Est. tempo de leitura\" \/>\n\t<meta name=\"twitter:data1\" content=\"2 minutos\" \/>\n<script type=\"application\/ld+json\" class=\"yoast-schema-graph\">{\"@context\":\"https:\/\/schema.org\",\"@graph\":[{\"@type\":\"WebPage\",\"@id\":\"https:\/\/portal.portaliso.com\/software-gestao-qualidade\/como-liberar-acesso-de-um-usuario\/\",\"url\":\"https:\/\/portal.portaliso.com\/software-gestao-qualidade\/como-liberar-acesso-de-um-usuario\/\",\"name\":\"Como liberar acesso de um usu\u00e1rio - Software Gest\u00e3o Qualidade\",\"isPartOf\":{\"@id\":\"https:\/\/portal.portaliso.com\/software-gestao-qualidade\/#website\"},\"datePublished\":\"2019-09-03T14:12:01+00:00\",\"dateModified\":\"2024-05-08T16:42:04+00:00\",\"description\":\"Portal ISO \u00e9 um Software de Gest\u00e3o da Qualidade completo, o respons\u00e1vel por liberar ou remover acesso de um usu\u00e1rio \u00e9 o Gestor do Portal.\",\"breadcrumb\":{\"@id\":\"https:\/\/portal.portaliso.com\/software-gestao-qualidade\/como-liberar-acesso-de-um-usuario\/#breadcrumb\"},\"inLanguage\":\"pt-BR\",\"potentialAction\":[{\"@type\":\"ReadAction\",\"target\":[\"https:\/\/portal.portaliso.com\/software-gestao-qualidade\/como-liberar-acesso-de-um-usuario\/\"]}]},{\"@type\":\"BreadcrumbList\",\"@id\":\"https:\/\/portal.portaliso.com\/software-gestao-qualidade\/como-liberar-acesso-de-um-usuario\/#breadcrumb\",\"itemListElement\":[{\"@type\":\"ListItem\",\"position\":1,\"name\":\"In\u00edcio\",\"item\":\"https:\/\/portal.portaliso.com\/software-gestao-qualidade\/\"},{\"@type\":\"ListItem\",\"position\":2,\"name\":\"Como liberar acesso de um usu\u00e1rio?\"}]},{\"@type\":\"WebSite\",\"@id\":\"https:\/\/portal.portaliso.com\/software-gestao-qualidade\/#website\",\"url\":\"https:\/\/portal.portaliso.com\/software-gestao-qualidade\/\",\"name\":\"Info Portal ISO\",\"description\":\"\",\"potentialAction\":[{\"@type\":\"SearchAction\",\"target\":{\"@type\":\"EntryPoint\",\"urlTemplate\":\"https:\/\/portal.portaliso.com\/software-gestao-qualidade\/?s={search_term_string}\"},\"query-input\":{\"@type\":\"PropertyValueSpecification\",\"valueRequired\":true,\"valueName\":\"search_term_string\"}}],\"inLanguage\":\"pt-BR\"}]}<\/script>\n<!-- \/ Yoast SEO plugin. -->","yoast_head_json":{"title":"Como liberar acesso de um usu\u00e1rio - Software Gest\u00e3o Qualidade","description":"Portal ISO \u00e9 um Software de Gest\u00e3o da Qualidade completo, o respons\u00e1vel por liberar ou remover acesso de um usu\u00e1rio \u00e9 o Gestor do Portal.","robots":{"index":"index","follow":"follow","max-snippet":"max-snippet:-1","max-image-preview":"max-image-preview:large","max-video-preview":"max-video-preview:-1"},"canonical":"https:\/\/portal.portaliso.com\/software-gestao-qualidade\/como-liberar-acesso-de-um-usuario\/","og_locale":"pt_BR","og_type":"article","og_title":"Como liberar acesso de um usu\u00e1rio - Software Gest\u00e3o Qualidade","og_description":"Portal ISO \u00e9 um Software de Gest\u00e3o da Qualidade completo, o respons\u00e1vel por liberar ou remover acesso de um usu\u00e1rio \u00e9 o Gestor do Portal.","og_url":"https:\/\/portal.portaliso.com\/software-gestao-qualidade\/como-liberar-acesso-de-um-usuario\/","og_site_name":"Info Portal ISO","article_modified_time":"2024-05-08T16:42:04+00:00","twitter_card":"summary_large_image","twitter_misc":{"Est. tempo de leitura":"2 minutos"},"schema":{"@context":"https:\/\/schema.org","@graph":[{"@type":"WebPage","@id":"https:\/\/portal.portaliso.com\/software-gestao-qualidade\/como-liberar-acesso-de-um-usuario\/","url":"https:\/\/portal.portaliso.com\/software-gestao-qualidade\/como-liberar-acesso-de-um-usuario\/","name":"Como liberar acesso de um usu\u00e1rio - Software Gest\u00e3o Qualidade","isPartOf":{"@id":"https:\/\/portal.portaliso.com\/software-gestao-qualidade\/#website"},"datePublished":"2019-09-03T14:12:01+00:00","dateModified":"2024-05-08T16:42:04+00:00","description":"Portal ISO \u00e9 um Software de Gest\u00e3o da Qualidade completo, o respons\u00e1vel por liberar ou remover acesso de um usu\u00e1rio \u00e9 o Gestor do Portal.","breadcrumb":{"@id":"https:\/\/portal.portaliso.com\/software-gestao-qualidade\/como-liberar-acesso-de-um-usuario\/#breadcrumb"},"inLanguage":"pt-BR","potentialAction":[{"@type":"ReadAction","target":["https:\/\/portal.portaliso.com\/software-gestao-qualidade\/como-liberar-acesso-de-um-usuario\/"]}]},{"@type":"BreadcrumbList","@id":"https:\/\/portal.portaliso.com\/software-gestao-qualidade\/como-liberar-acesso-de-um-usuario\/#breadcrumb","itemListElement":[{"@type":"ListItem","position":1,"name":"In\u00edcio","item":"https:\/\/portal.portaliso.com\/software-gestao-qualidade\/"},{"@type":"ListItem","position":2,"name":"Como liberar acesso de um usu\u00e1rio?"}]},{"@type":"WebSite","@id":"https:\/\/portal.portaliso.com\/software-gestao-qualidade\/#website","url":"https:\/\/portal.portaliso.com\/software-gestao-qualidade\/","name":"Info Portal ISO","description":"","potentialAction":[{"@type":"SearchAction","target":{"@type":"EntryPoint","urlTemplate":"https:\/\/portal.portaliso.com\/software-gestao-qualidade\/?s={search_term_string}"},"query-input":{"@type":"PropertyValueSpecification","valueRequired":true,"valueName":"search_term_string"}}],"inLanguage":"pt-BR"}]}},"_links":{"self":[{"href":"https:\/\/portal.portaliso.com\/software-gestao-qualidade\/wp-json\/wp\/v2\/pages\/63","targetHints":{"allow":["GET"]}}],"collection":[{"href":"https:\/\/portal.portaliso.com\/software-gestao-qualidade\/wp-json\/wp\/v2\/pages"}],"about":[{"href":"https:\/\/portal.portaliso.com\/software-gestao-qualidade\/wp-json\/wp\/v2\/types\/page"}],"author":[{"embeddable":true,"href":"https:\/\/portal.portaliso.com\/software-gestao-qualidade\/wp-json\/wp\/v2\/users\/1"}],"replies":[{"embeddable":true,"href":"https:\/\/portal.portaliso.com\/software-gestao-qualidade\/wp-json\/wp\/v2\/comments?post=63"}],"version-history":[{"count":19,"href":"https:\/\/portal.portaliso.com\/software-gestao-qualidade\/wp-json\/wp\/v2\/pages\/63\/revisions"}],"predecessor-version":[{"id":842,"href":"https:\/\/portal.portaliso.com\/software-gestao-qualidade\/wp-json\/wp\/v2\/pages\/63\/revisions\/842"}],"wp:attachment":[{"href":"https:\/\/portal.portaliso.com\/software-gestao-qualidade\/wp-json\/wp\/v2\/media?parent=63"}],"curies":[{"name":"wp","href":"https:\/\/api.w.org\/{rel}","templated":true}]}}