{"id":61,"date":"2019-09-03T11:10:32","date_gmt":"2019-09-03T14:10:32","guid":{"rendered":"http:\/\/infoportal.portaliso.com\/software-gestao-qualidade\/?page_id=61"},"modified":"2021-09-17T09:26:04","modified_gmt":"2021-09-17T12:26:04","slug":"como-editar-usuario","status":"publish","type":"page","link":"https:\/\/portal.portaliso.com\/software-gestao-qualidade\/como-editar-usuario\/","title":{"rendered":"Como editar usu\u00e1rio?"},"content":{"rendered":"<h4><img loading=\"lazy\" decoding=\"async\" class=\"alignnone wp-image-174 size-full\" title=\"Como editar usu\u00e1rio?\" src=\"\/software-gestao-qualidade\/wp-content\/uploads\/2019\/09\/NBR-ISO-9001-4.jpg\" alt=\"Software de Gest\u00e3o da Qualidade (SGQ) - ISO 9001\" width=\"33\" height=\"30\" \/>\u00a0Como editar usu\u00e1rio?<\/h4>\n<p><strong>Passo 1:<\/strong><\/p>\n<p style=\"padding-left: 30px;\">Para editar dados do usu\u00e1rio, acesse nosso site na p\u00e1gina <a href=\"https:\/\/bomdominio.com\/login.jsf\" target=\"_blank\" rel=\"noopener\">bomdominio.com\/login.jsf<\/a><\/p>\n<p><strong>Passo 2:<\/strong><\/p>\n<p style=\"padding-left: 30px;\">Entre com os dados do login e senha, conforme imagem abaixo.<\/p>\n<p><img loading=\"lazy\" decoding=\"async\" class=\"aligncenter wp-image-184 size-medium\" title=\"Como editar usu\u00e1rio?\" src=\"\/software-gestao-qualidade\/wp-content\/uploads\/2019\/09\/Como-editar-usu\u00e1rio-300x145.png\" alt=\"Software de Gest\u00e3o da Qualidade (SGQ) - ISO 9001\" width=\"300\" height=\"145\" srcset=\"https:\/\/portal.portaliso.com\/software-gestao-qualidade\/wp-content\/uploads\/2019\/09\/Como-editar-usu\u00e1rio-300x145.png 300w, https:\/\/portal.portaliso.com\/software-gestao-qualidade\/wp-content\/uploads\/2019\/09\/Como-editar-usu\u00e1rio-100x48.png 100w, https:\/\/portal.portaliso.com\/software-gestao-qualidade\/wp-content\/uploads\/2019\/09\/Como-editar-usu\u00e1rio-275x133.png 275w, https:\/\/portal.portaliso.com\/software-gestao-qualidade\/wp-content\/uploads\/2019\/09\/Como-editar-usu\u00e1rio.png 392w\" sizes=\"auto, (max-width: 300px) 100vw, 300px\" \/><\/p>\n<p><strong>Passo 3:<\/strong><\/p>\n<p style=\"padding-left: 30px;\">Clique em &#8216;Editar Dados do Usu\u00e1rio&#8217;, conforme imagem abaixo.<\/p>\n<p><img loading=\"lazy\" decoding=\"async\" class=\"aligncenter wp-image-377 size-full\" title=\"Como editar usu\u00e1rio?\" src=\"\/software-gestao-qualidade\/wp-content\/uploads\/2021\/09\/menu.png\" alt=\"Software de Gest\u00e3o da Qualidade (SGQ) - ISO 9001\" width=\"677\" height=\"187\" srcset=\"https:\/\/portal.portaliso.com\/software-gestao-qualidade\/wp-content\/uploads\/2021\/09\/menu.png 677w, https:\/\/portal.portaliso.com\/software-gestao-qualidade\/wp-content\/uploads\/2021\/09\/menu-300x83.png 300w, https:\/\/portal.portaliso.com\/software-gestao-qualidade\/wp-content\/uploads\/2021\/09\/menu-410x113.png 410w, https:\/\/portal.portaliso.com\/software-gestao-qualidade\/wp-content\/uploads\/2021\/09\/menu-100x28.png 100w, https:\/\/portal.portaliso.com\/software-gestao-qualidade\/wp-content\/uploads\/2021\/09\/menu-275x76.png 275w\" sizes=\"auto, (max-width: 677px) 100vw, 677px\" \/><\/p>\n<p style=\"padding-left: 30px;\">Todos os dados associados ao usu\u00e1rio podem ser editados, exceto o login.<\/p>\n<p><strong>Passo 4:<\/strong><\/p>\n<p style=\"padding-left: 30px;\">Para concluir, no final da p\u00e1gina, clique em &#8216;Confirmar&#8217; ou &#8216;Cancelar&#8217;.<\/p>\n<p>&nbsp;<\/p>\n","protected":false},"excerpt":{"rendered":"<p>\u00a0Como editar usu\u00e1rio? Passo 1: Para editar dados do usu\u00e1rio, acesse nosso site na p\u00e1gina bomdominio.com\/login.jsf Passo 2: Entre com os dados do login e senha, conforme imagem abaixo. Passo 3: Clique em &#8216;Editar Dados do Usu\u00e1rio&#8217;, conforme imagem abaixo. Todos os dados associados ao usu\u00e1rio podem ser editados, exceto o login. Passo 4: Para [&hellip;]<\/p>\n","protected":false},"author":1,"featured_media":0,"parent":0,"menu_order":0,"comment_status":"closed","ping_status":"closed","template":"","meta":{"footnotes":""},"class_list":["post-61","page","type-page","status-publish","hentry"],"yoast_head":"<!-- This site is optimized with the Yoast SEO plugin v24.3 - https:\/\/yoast.com\/wordpress\/plugins\/seo\/ -->\n<title>Como editar usu\u00e1rio - Software Gest\u00e3o Qualidade Portal ISO<\/title>\n<meta name=\"description\" content=\"Portal ISO \u00e9 um Software de Gest\u00e3o da Qualidade completo, voc\u00ea pode editar qualquer informa\u00e7\u00e3o do usu\u00e1rio, exceto o login.\" \/>\n<meta name=\"robots\" content=\"index, follow, max-snippet:-1, max-image-preview:large, max-video-preview:-1\" \/>\n<link rel=\"canonical\" href=\"https:\/\/portal.portaliso.com\/software-gestao-qualidade\/como-editar-usuario\/\" \/>\n<meta property=\"og:locale\" content=\"pt_BR\" \/>\n<meta property=\"og:type\" content=\"article\" \/>\n<meta property=\"og:title\" content=\"Como editar usu\u00e1rio - Software Gest\u00e3o Qualidade Portal ISO\" \/>\n<meta property=\"og:description\" content=\"Portal ISO \u00e9 um Software de Gest\u00e3o da Qualidade completo, voc\u00ea pode editar qualquer informa\u00e7\u00e3o do usu\u00e1rio, exceto o login.\" \/>\n<meta property=\"og:url\" content=\"https:\/\/portal.portaliso.com\/software-gestao-qualidade\/como-editar-usuario\/\" \/>\n<meta property=\"og:site_name\" content=\"Info Portal ISO\" \/>\n<meta property=\"article:modified_time\" content=\"2021-09-17T12:26:04+00:00\" \/>\n<meta name=\"twitter:card\" content=\"summary_large_image\" \/>\n<script type=\"application\/ld+json\" class=\"yoast-schema-graph\">{\"@context\":\"https:\/\/schema.org\",\"@graph\":[{\"@type\":\"WebPage\",\"@id\":\"https:\/\/portal.portaliso.com\/software-gestao-qualidade\/como-editar-usuario\/\",\"url\":\"https:\/\/portal.portaliso.com\/software-gestao-qualidade\/como-editar-usuario\/\",\"name\":\"Como editar usu\u00e1rio - Software Gest\u00e3o Qualidade Portal ISO\",\"isPartOf\":{\"@id\":\"https:\/\/portal.portaliso.com\/software-gestao-qualidade\/#website\"},\"datePublished\":\"2019-09-03T14:10:32+00:00\",\"dateModified\":\"2021-09-17T12:26:04+00:00\",\"description\":\"Portal ISO \u00e9 um Software de Gest\u00e3o da Qualidade completo, voc\u00ea pode editar qualquer informa\u00e7\u00e3o do usu\u00e1rio, exceto o login.\",\"breadcrumb\":{\"@id\":\"https:\/\/portal.portaliso.com\/software-gestao-qualidade\/como-editar-usuario\/#breadcrumb\"},\"inLanguage\":\"pt-BR\",\"potentialAction\":[{\"@type\":\"ReadAction\",\"target\":[\"https:\/\/portal.portaliso.com\/software-gestao-qualidade\/como-editar-usuario\/\"]}]},{\"@type\":\"BreadcrumbList\",\"@id\":\"https:\/\/portal.portaliso.com\/software-gestao-qualidade\/como-editar-usuario\/#breadcrumb\",\"itemListElement\":[{\"@type\":\"ListItem\",\"position\":1,\"name\":\"In\u00edcio\",\"item\":\"https:\/\/portal.portaliso.com\/software-gestao-qualidade\/\"},{\"@type\":\"ListItem\",\"position\":2,\"name\":\"Como editar usu\u00e1rio?\"}]},{\"@type\":\"WebSite\",\"@id\":\"https:\/\/portal.portaliso.com\/software-gestao-qualidade\/#website\",\"url\":\"https:\/\/portal.portaliso.com\/software-gestao-qualidade\/\",\"name\":\"Info Portal ISO\",\"description\":\"\",\"potentialAction\":[{\"@type\":\"SearchAction\",\"target\":{\"@type\":\"EntryPoint\",\"urlTemplate\":\"https:\/\/portal.portaliso.com\/software-gestao-qualidade\/?s={search_term_string}\"},\"query-input\":{\"@type\":\"PropertyValueSpecification\",\"valueRequired\":true,\"valueName\":\"search_term_string\"}}],\"inLanguage\":\"pt-BR\"}]}<\/script>\n<!-- \/ Yoast SEO plugin. -->","yoast_head_json":{"title":"Como editar usu\u00e1rio - Software Gest\u00e3o Qualidade Portal ISO","description":"Portal ISO \u00e9 um Software de Gest\u00e3o da Qualidade completo, voc\u00ea pode editar qualquer informa\u00e7\u00e3o do usu\u00e1rio, exceto o login.","robots":{"index":"index","follow":"follow","max-snippet":"max-snippet:-1","max-image-preview":"max-image-preview:large","max-video-preview":"max-video-preview:-1"},"canonical":"https:\/\/portal.portaliso.com\/software-gestao-qualidade\/como-editar-usuario\/","og_locale":"pt_BR","og_type":"article","og_title":"Como editar usu\u00e1rio - Software Gest\u00e3o Qualidade Portal ISO","og_description":"Portal ISO \u00e9 um Software de Gest\u00e3o da Qualidade completo, voc\u00ea pode editar qualquer informa\u00e7\u00e3o do usu\u00e1rio, exceto o login.","og_url":"https:\/\/portal.portaliso.com\/software-gestao-qualidade\/como-editar-usuario\/","og_site_name":"Info Portal ISO","article_modified_time":"2021-09-17T12:26:04+00:00","twitter_card":"summary_large_image","schema":{"@context":"https:\/\/schema.org","@graph":[{"@type":"WebPage","@id":"https:\/\/portal.portaliso.com\/software-gestao-qualidade\/como-editar-usuario\/","url":"https:\/\/portal.portaliso.com\/software-gestao-qualidade\/como-editar-usuario\/","name":"Como editar usu\u00e1rio - Software Gest\u00e3o Qualidade Portal ISO","isPartOf":{"@id":"https:\/\/portal.portaliso.com\/software-gestao-qualidade\/#website"},"datePublished":"2019-09-03T14:10:32+00:00","dateModified":"2021-09-17T12:26:04+00:00","description":"Portal ISO \u00e9 um Software de Gest\u00e3o da Qualidade completo, voc\u00ea pode editar qualquer informa\u00e7\u00e3o do usu\u00e1rio, exceto o login.","breadcrumb":{"@id":"https:\/\/portal.portaliso.com\/software-gestao-qualidade\/como-editar-usuario\/#breadcrumb"},"inLanguage":"pt-BR","potentialAction":[{"@type":"ReadAction","target":["https:\/\/portal.portaliso.com\/software-gestao-qualidade\/como-editar-usuario\/"]}]},{"@type":"BreadcrumbList","@id":"https:\/\/portal.portaliso.com\/software-gestao-qualidade\/como-editar-usuario\/#breadcrumb","itemListElement":[{"@type":"ListItem","position":1,"name":"In\u00edcio","item":"https:\/\/portal.portaliso.com\/software-gestao-qualidade\/"},{"@type":"ListItem","position":2,"name":"Como editar usu\u00e1rio?"}]},{"@type":"WebSite","@id":"https:\/\/portal.portaliso.com\/software-gestao-qualidade\/#website","url":"https:\/\/portal.portaliso.com\/software-gestao-qualidade\/","name":"Info Portal ISO","description":"","potentialAction":[{"@type":"SearchAction","target":{"@type":"EntryPoint","urlTemplate":"https:\/\/portal.portaliso.com\/software-gestao-qualidade\/?s={search_term_string}"},"query-input":{"@type":"PropertyValueSpecification","valueRequired":true,"valueName":"search_term_string"}}],"inLanguage":"pt-BR"}]}},"_links":{"self":[{"href":"https:\/\/portal.portaliso.com\/software-gestao-qualidade\/wp-json\/wp\/v2\/pages\/61","targetHints":{"allow":["GET"]}}],"collection":[{"href":"https:\/\/portal.portaliso.com\/software-gestao-qualidade\/wp-json\/wp\/v2\/pages"}],"about":[{"href":"https:\/\/portal.portaliso.com\/software-gestao-qualidade\/wp-json\/wp\/v2\/types\/page"}],"author":[{"embeddable":true,"href":"https:\/\/portal.portaliso.com\/software-gestao-qualidade\/wp-json\/wp\/v2\/users\/1"}],"replies":[{"embeddable":true,"href":"https:\/\/portal.portaliso.com\/software-gestao-qualidade\/wp-json\/wp\/v2\/comments?post=61"}],"version-history":[{"count":10,"href":"https:\/\/portal.portaliso.com\/software-gestao-qualidade\/wp-json\/wp\/v2\/pages\/61\/revisions"}],"predecessor-version":[{"id":379,"href":"https:\/\/portal.portaliso.com\/software-gestao-qualidade\/wp-json\/wp\/v2\/pages\/61\/revisions\/379"}],"wp:attachment":[{"href":"https:\/\/portal.portaliso.com\/software-gestao-qualidade\/wp-json\/wp\/v2\/media?parent=61"}],"curies":[{"name":"wp","href":"https:\/\/api.w.org\/{rel}","templated":true}]}}