{"id":59,"date":"2019-09-03T11:08:09","date_gmt":"2019-09-03T14:08:09","guid":{"rendered":"http:\/\/infoportal.portaliso.com\/software-gestao-qualidade\/?page_id=59"},"modified":"2023-03-14T15:37:02","modified_gmt":"2023-03-14T18:37:02","slug":"como-criar-novo-usuario","status":"publish","type":"page","link":"https:\/\/portal.portaliso.com\/software-gestao-qualidade\/como-criar-novo-usuario\/","title":{"rendered":"Como criar novo usu\u00e1rio?"},"content":{"rendered":"<h4><img loading=\"lazy\" decoding=\"async\" class=\"alignnone wp-image-174 size-full\" title=\"Como criar novo usu\u00e1rio?\" src=\"\/software-gestao-qualidade\/wp-content\/uploads\/2019\/09\/NBR-ISO-9001-4.jpg\" alt=\"Software de Gest\u00e3o da Qualidade (SGQ) - ISO 9001\" width=\"33\" height=\"30\" \/>\u00a0Como criar novo usu\u00e1rio?<\/h4>\n<p><img loading=\"lazy\" decoding=\"async\" class=\"aligncenter wp-image-177 size-full\" title=\"Como criar novo usu\u00e1rio?\" src=\"\/software-gestao-qualidade\/wp-content\/uploads\/2019\/09\/Como-criar-novo-usu\u00e1rio-portaliso.png\" alt=\"Software de Gest\u00e3o da Qualidade (SGQ) - ISO 9001\" width=\"256\" height=\"200\" srcset=\"https:\/\/portal.portaliso.com\/software-gestao-qualidade\/wp-content\/uploads\/2019\/09\/Como-criar-novo-usu\u00e1rio-portaliso.png 256w, https:\/\/portal.portaliso.com\/software-gestao-qualidade\/wp-content\/uploads\/2019\/09\/Como-criar-novo-usu\u00e1rio-portaliso-100x78.png 100w\" sizes=\"auto, (max-width: 256px) 100vw, 256px\" \/><\/p>\n<p><strong>Passo 1:<\/strong><\/p>\n<p style=\"padding-left: 30px;\">Para criar um novo usu\u00e1rio, acesse nosso site na p\u00e1gina <a href=\"https:\/\/www.registrocom.com\/sign_up.jsf\">www.registrocom.com\/sign_up.jsf<\/a><\/p>\n<p><strong>Passo 2:<\/strong><\/p>\n<p style=\"padding-left: 30px; text-align: justify;\">&#8211; Preencha os campos abaixo com os dados do novo usu\u00e1rio. Os campos assinalados com (<span style=\"color: #ff0000;\">*<\/span>) tem preenchimento obrigat\u00f3rio.<\/p>\n<p style=\"padding-left: 30px; text-align: justify;\">&#8211; O login deve conter entre 5 e 20 caracteres de letras e n\u00fameros, utilize apenas caracteres v\u00e1lidos (n\u00fameros e letras).<\/p>\n<p style=\"padding-left: 60px; text-align: justify;\"><strong>N\u00e3o s\u00e3o permitidos usu\u00e1rios gen\u00e9ricos<\/strong>. Cada usu\u00e1rio representa uma pessoa. Cada pessoa ao criar o seu usu\u00e1rio deve, obrigatoriamente, colocar seu nome no login, por exemplo pedrosilva, psilva, pedro1990, silva90, etc.<\/p>\n<p style=\"padding-left: 60px; text-align: justify;\">Um usu\u00e1rio do <strong><span style=\"color: #ff9900;\">Portal ISO<\/span><\/strong> representa uma pessoa f\u00edsica.\u00a0A senha e o e-mail de cada usu\u00e1rio \u00e9 <strong>pessoal,\u00a0 intransfer\u00edvel e pertence exclusivamente \u00e0 pessoa f\u00edsica<\/strong>. Este fato assegura a validade e a autenticidade de todas as a\u00e7\u00f5es realizadas pelo usu\u00e1rio quando acessando o Portal.<\/p>\n<p style=\"padding-left: 30px; text-align: justify;\">&#8211; A senha tamb\u00e9m deve ser composta apenas de caracteres v\u00e1lidos (n\u00fameros e letras).<\/p>\n<p><img loading=\"lazy\" decoding=\"async\" class=\"aligncenter wp-image-375 size-full\" title=\"Criar Usu\u00e1rio\" src=\"\/software-gestao-qualidade\/wp-content\/uploads\/2021\/09\/usuario.png\" alt=\"Software de Gest\u00e3o da Qualidade (SGQ) - ISO 9001\" width=\"458\" height=\"662\" srcset=\"https:\/\/portal.portaliso.com\/software-gestao-qualidade\/wp-content\/uploads\/2021\/09\/usuario.png 458w, https:\/\/portal.portaliso.com\/software-gestao-qualidade\/wp-content\/uploads\/2021\/09\/usuario-208x300.png 208w, https:\/\/portal.portaliso.com\/software-gestao-qualidade\/wp-content\/uploads\/2021\/09\/usuario-410x593.png 410w, https:\/\/portal.portaliso.com\/software-gestao-qualidade\/wp-content\/uploads\/2021\/09\/usuario-100x145.png 100w, https:\/\/portal.portaliso.com\/software-gestao-qualidade\/wp-content\/uploads\/2021\/09\/usuario-275x397.png 275w\" sizes=\"auto, (max-width: 458px) 100vw, 458px\" \/><\/p>\n<p>&nbsp;<\/p>\n<p><strong>Passo 3:<\/strong><\/p>\n<p style=\"padding-left: 30px;\">Clicar em &#8216;Criar Usu\u00e1rio&#8217;.<\/p>\n<p><strong>Passo 4:<\/strong><\/p>\n<p style=\"padding-left: 30px;\">Acesse o e-mail cadastrado para confirma\u00e7\u00e3o do e-mail.<\/p>\n<p>&nbsp;<\/p>\n<h5><img loading=\"lazy\" decoding=\"async\" class=\"alignnone wp-image-179 size-full\" title=\"Conceito de Usu\u00e1rio\" src=\"\/software-gestao-qualidade\/wp-content\/uploads\/2019\/09\/NBR-ISO-9001-3-1.jpg\" alt=\"Software de Gest\u00e3o da Qualidade (SGQ) - ISO 9001\" width=\"32\" height=\"30\" \/>\u00a0Conceito de Usu\u00e1rio<\/h5>\n<p style=\"text-align: justify;\">N\u00e3o s\u00e3o permitidos usu\u00e1rios gen\u00e9ricos. Cada usu\u00e1rio representa um colaborador. Cada colaborador ao criar o seu usu\u00e1rio deve, obrigatoriamente colocar seu nome no login, por exemplo pedro.silva, psilva, pedrosilva1, etc.<\/p>\n<p style=\"text-align: justify;\">Um usu\u00e1rio do <strong><span style=\"color: #ff9900;\">Portal ISO<\/span> <\/strong>representa uma pessoa f\u00edsica.\u00a0A senha e o e-mail de cada usu\u00e1rio \u00e9 <strong>pessoal,\u00a0 intransfer\u00edvel e pertence exclusivamente \u00e0 pessoa f\u00edsica<\/strong>. Este fato assegura a validade e a autenticidade de todas as a\u00e7\u00f5es realizadas pelo usu\u00e1rio quando acessando o Portal.<\/p>\n<p style=\"text-align: justify;\">No contrato de Presta\u00e7\u00e3o de Servi\u00e7o do Portal ISO, dispon\u00edvel <a href=\"https:\/\/www.registrocom.com\/contratos\/contrato_de_hospedagem_portal_iso.jsf\">nesse link<\/a> encontramos o\u00a0<strong>Conceito de Usu\u00e1rio do Sistema<\/strong>.<\/p>\n","protected":false},"excerpt":{"rendered":"<p>\u00a0Como criar novo usu\u00e1rio? Passo 1: Para criar um novo usu\u00e1rio, acesse nosso site na p\u00e1gina www.registrocom.com\/sign_up.jsf Passo 2: &#8211; Preencha os campos abaixo com os dados do novo usu\u00e1rio. Os campos assinalados com (*) tem preenchimento obrigat\u00f3rio. &#8211; O login deve conter entre 5 e 20 caracteres de letras e n\u00fameros, utilize apenas caracteres [&hellip;]<\/p>\n","protected":false},"author":1,"featured_media":0,"parent":0,"menu_order":0,"comment_status":"closed","ping_status":"closed","template":"","meta":{"footnotes":""},"class_list":["post-59","page","type-page","status-publish","hentry"],"yoast_head":"<!-- This site is optimized with the Yoast SEO plugin v24.3 - https:\/\/yoast.com\/wordpress\/plugins\/seo\/ -->\n<title>Como criar novo usu\u00e1rio - Software Gest\u00e3o Qualidade Portal ISO<\/title>\n<meta name=\"description\" content=\"Portal ISO \u00e9 um Software de Gest\u00e3o da Qualidade completo, crie um usu\u00e1rio para acessar o Portal ISO, cada usu\u00e1rio representa um colaborador.\" \/>\n<meta name=\"robots\" content=\"index, follow, max-snippet:-1, max-image-preview:large, max-video-preview:-1\" \/>\n<link rel=\"canonical\" href=\"https:\/\/portal.portaliso.com\/software-gestao-qualidade\/como-criar-novo-usuario\/\" \/>\n<meta property=\"og:locale\" content=\"pt_BR\" \/>\n<meta property=\"og:type\" content=\"article\" \/>\n<meta property=\"og:title\" content=\"Como criar novo usu\u00e1rio - Software Gest\u00e3o Qualidade Portal ISO\" \/>\n<meta property=\"og:description\" content=\"Portal ISO \u00e9 um Software de Gest\u00e3o da Qualidade completo, crie um usu\u00e1rio para acessar o Portal ISO, cada usu\u00e1rio representa um colaborador.\" \/>\n<meta property=\"og:url\" content=\"https:\/\/portal.portaliso.com\/software-gestao-qualidade\/como-criar-novo-usuario\/\" \/>\n<meta property=\"og:site_name\" content=\"Info Portal ISO\" \/>\n<meta property=\"article:modified_time\" content=\"2023-03-14T18:37:02+00:00\" \/>\n<meta name=\"twitter:card\" content=\"summary_large_image\" \/>\n<meta name=\"twitter:label1\" content=\"Est. tempo de leitura\" \/>\n\t<meta name=\"twitter:data1\" content=\"2 minutos\" \/>\n<script type=\"application\/ld+json\" class=\"yoast-schema-graph\">{\"@context\":\"https:\/\/schema.org\",\"@graph\":[{\"@type\":\"WebPage\",\"@id\":\"https:\/\/portal.portaliso.com\/software-gestao-qualidade\/como-criar-novo-usuario\/\",\"url\":\"https:\/\/portal.portaliso.com\/software-gestao-qualidade\/como-criar-novo-usuario\/\",\"name\":\"Como criar novo usu\u00e1rio - Software Gest\u00e3o Qualidade Portal ISO\",\"isPartOf\":{\"@id\":\"https:\/\/portal.portaliso.com\/software-gestao-qualidade\/#website\"},\"datePublished\":\"2019-09-03T14:08:09+00:00\",\"dateModified\":\"2023-03-14T18:37:02+00:00\",\"description\":\"Portal ISO \u00e9 um Software de Gest\u00e3o da Qualidade completo, crie um usu\u00e1rio para acessar o Portal ISO, cada usu\u00e1rio representa um colaborador.\",\"breadcrumb\":{\"@id\":\"https:\/\/portal.portaliso.com\/software-gestao-qualidade\/como-criar-novo-usuario\/#breadcrumb\"},\"inLanguage\":\"pt-BR\",\"potentialAction\":[{\"@type\":\"ReadAction\",\"target\":[\"https:\/\/portal.portaliso.com\/software-gestao-qualidade\/como-criar-novo-usuario\/\"]}]},{\"@type\":\"BreadcrumbList\",\"@id\":\"https:\/\/portal.portaliso.com\/software-gestao-qualidade\/como-criar-novo-usuario\/#breadcrumb\",\"itemListElement\":[{\"@type\":\"ListItem\",\"position\":1,\"name\":\"In\u00edcio\",\"item\":\"https:\/\/portal.portaliso.com\/software-gestao-qualidade\/\"},{\"@type\":\"ListItem\",\"position\":2,\"name\":\"Como criar novo usu\u00e1rio?\"}]},{\"@type\":\"WebSite\",\"@id\":\"https:\/\/portal.portaliso.com\/software-gestao-qualidade\/#website\",\"url\":\"https:\/\/portal.portaliso.com\/software-gestao-qualidade\/\",\"name\":\"Info Portal ISO\",\"description\":\"\",\"potentialAction\":[{\"@type\":\"SearchAction\",\"target\":{\"@type\":\"EntryPoint\",\"urlTemplate\":\"https:\/\/portal.portaliso.com\/software-gestao-qualidade\/?s={search_term_string}\"},\"query-input\":{\"@type\":\"PropertyValueSpecification\",\"valueRequired\":true,\"valueName\":\"search_term_string\"}}],\"inLanguage\":\"pt-BR\"}]}<\/script>\n<!-- \/ Yoast SEO plugin. -->","yoast_head_json":{"title":"Como criar novo usu\u00e1rio - Software Gest\u00e3o Qualidade Portal ISO","description":"Portal ISO \u00e9 um Software de Gest\u00e3o da Qualidade completo, crie um usu\u00e1rio para acessar o Portal ISO, cada usu\u00e1rio representa um colaborador.","robots":{"index":"index","follow":"follow","max-snippet":"max-snippet:-1","max-image-preview":"max-image-preview:large","max-video-preview":"max-video-preview:-1"},"canonical":"https:\/\/portal.portaliso.com\/software-gestao-qualidade\/como-criar-novo-usuario\/","og_locale":"pt_BR","og_type":"article","og_title":"Como criar novo usu\u00e1rio - Software Gest\u00e3o Qualidade Portal ISO","og_description":"Portal ISO \u00e9 um Software de Gest\u00e3o da Qualidade completo, crie um usu\u00e1rio para acessar o Portal ISO, cada usu\u00e1rio representa um colaborador.","og_url":"https:\/\/portal.portaliso.com\/software-gestao-qualidade\/como-criar-novo-usuario\/","og_site_name":"Info Portal ISO","article_modified_time":"2023-03-14T18:37:02+00:00","twitter_card":"summary_large_image","twitter_misc":{"Est. tempo de leitura":"2 minutos"},"schema":{"@context":"https:\/\/schema.org","@graph":[{"@type":"WebPage","@id":"https:\/\/portal.portaliso.com\/software-gestao-qualidade\/como-criar-novo-usuario\/","url":"https:\/\/portal.portaliso.com\/software-gestao-qualidade\/como-criar-novo-usuario\/","name":"Como criar novo usu\u00e1rio - Software Gest\u00e3o Qualidade Portal ISO","isPartOf":{"@id":"https:\/\/portal.portaliso.com\/software-gestao-qualidade\/#website"},"datePublished":"2019-09-03T14:08:09+00:00","dateModified":"2023-03-14T18:37:02+00:00","description":"Portal ISO \u00e9 um Software de Gest\u00e3o da Qualidade completo, crie um usu\u00e1rio para acessar o Portal ISO, cada usu\u00e1rio representa um colaborador.","breadcrumb":{"@id":"https:\/\/portal.portaliso.com\/software-gestao-qualidade\/como-criar-novo-usuario\/#breadcrumb"},"inLanguage":"pt-BR","potentialAction":[{"@type":"ReadAction","target":["https:\/\/portal.portaliso.com\/software-gestao-qualidade\/como-criar-novo-usuario\/"]}]},{"@type":"BreadcrumbList","@id":"https:\/\/portal.portaliso.com\/software-gestao-qualidade\/como-criar-novo-usuario\/#breadcrumb","itemListElement":[{"@type":"ListItem","position":1,"name":"In\u00edcio","item":"https:\/\/portal.portaliso.com\/software-gestao-qualidade\/"},{"@type":"ListItem","position":2,"name":"Como criar novo usu\u00e1rio?"}]},{"@type":"WebSite","@id":"https:\/\/portal.portaliso.com\/software-gestao-qualidade\/#website","url":"https:\/\/portal.portaliso.com\/software-gestao-qualidade\/","name":"Info Portal ISO","description":"","potentialAction":[{"@type":"SearchAction","target":{"@type":"EntryPoint","urlTemplate":"https:\/\/portal.portaliso.com\/software-gestao-qualidade\/?s={search_term_string}"},"query-input":{"@type":"PropertyValueSpecification","valueRequired":true,"valueName":"search_term_string"}}],"inLanguage":"pt-BR"}]}},"_links":{"self":[{"href":"https:\/\/portal.portaliso.com\/software-gestao-qualidade\/wp-json\/wp\/v2\/pages\/59","targetHints":{"allow":["GET"]}}],"collection":[{"href":"https:\/\/portal.portaliso.com\/software-gestao-qualidade\/wp-json\/wp\/v2\/pages"}],"about":[{"href":"https:\/\/portal.portaliso.com\/software-gestao-qualidade\/wp-json\/wp\/v2\/types\/page"}],"author":[{"embeddable":true,"href":"https:\/\/portal.portaliso.com\/software-gestao-qualidade\/wp-json\/wp\/v2\/users\/1"}],"replies":[{"embeddable":true,"href":"https:\/\/portal.portaliso.com\/software-gestao-qualidade\/wp-json\/wp\/v2\/comments?post=59"}],"version-history":[{"count":26,"href":"https:\/\/portal.portaliso.com\/software-gestao-qualidade\/wp-json\/wp\/v2\/pages\/59\/revisions"}],"predecessor-version":[{"id":500,"href":"https:\/\/portal.portaliso.com\/software-gestao-qualidade\/wp-json\/wp\/v2\/pages\/59\/revisions\/500"}],"wp:attachment":[{"href":"https:\/\/portal.portaliso.com\/software-gestao-qualidade\/wp-json\/wp\/v2\/media?parent=59"}],"curies":[{"name":"wp","href":"https:\/\/api.w.org\/{rel}","templated":true}]}}