{"id":52,"date":"2019-09-03T11:05:02","date_gmt":"2019-09-03T14:05:02","guid":{"rendered":"http:\/\/infoportal.portaliso.com\/software-gestao-qualidade\/?page_id=52"},"modified":"2023-03-14T15:45:06","modified_gmt":"2023-03-14T18:45:06","slug":"contrato","status":"publish","type":"page","link":"https:\/\/portal.portaliso.com\/software-gestao-qualidade\/contrato\/","title":{"rendered":"Contrato de Presta\u00e7\u00e3o de Servi\u00e7o"},"content":{"rendered":"<h4><img loading=\"lazy\" decoding=\"async\" class=\"alignnone wp-image-174 size-full\" title=\"Contrato de Presta\u00e7\u00e3o de Servi\u00e7o\" src=\"\/software-gestao-qualidade\/wp-content\/uploads\/2019\/09\/NBR-ISO-9001-4.jpg\" alt=\"Software de Gest\u00e3o da Qualidade (SGQ) - ISO 9001\" width=\"33\" height=\"30\" \/>\u00a0Contrato\u00a0de Presta\u00e7\u00e3o de Servi\u00e7o<\/h4>\n<p><img loading=\"lazy\" decoding=\"async\" class=\"aligncenter wp-image-321 size-medium\" title=\"Contrato de Presta\u00e7\u00e3o de Servi\u00e7o\" src=\"\/software-gestao-qualidade\/wp-content\/uploads\/2019\/09\/contrato-300x190.jpg\" alt=\"Software de Gest\u00e3o da Qualidade (SGQ) - ISO 9001\" width=\"300\" height=\"190\" srcset=\"https:\/\/portal.portaliso.com\/software-gestao-qualidade\/wp-content\/uploads\/2019\/09\/contrato-300x190.jpg 300w, https:\/\/portal.portaliso.com\/software-gestao-qualidade\/wp-content\/uploads\/2019\/09\/contrato-100x63.jpg 100w, https:\/\/portal.portaliso.com\/software-gestao-qualidade\/wp-content\/uploads\/2019\/09\/contrato-275x174.jpg 275w, https:\/\/portal.portaliso.com\/software-gestao-qualidade\/wp-content\/uploads\/2019\/09\/contrato.jpg 316w\" sizes=\"auto, (max-width: 300px) 100vw, 300px\" \/><\/p>\n<p style=\"text-align: justify;\">O <a href=\"https:\/\/www.registrocom.com\/contratos\/contrato_de_hospedagem_portal_iso.jsf\">contrato de Presta\u00e7\u00e3o de Servi\u00e7o do<strong> Portal ISO<\/strong><\/a> est\u00e1 dispon\u00edvel no site RegistroCom.Com e pode ser acessado integralmente atrav\u00e9s\u00a0deste link: <a href=\"https:\/\/www.registrocom.com\/contratos\/contrato_de_hospedagem_portal_iso.jsf\">https:\/\/www.registrocom.com\/contratos\/contrato_de_hospedagem_portal_iso.jsf<\/a><\/p>\n<p style=\"text-align: justify;\">Muitas das informa\u00e7\u00f5es dispon\u00edveis nesse informativo s\u00e3o encontrada no contrato de Presta\u00e7\u00e3o de Servi\u00e7o do <strong><span style=\"color: #ff9900;\">Portal ISO<\/span><\/strong>:<\/p>\n<p style=\"padding-left: 30px;\"><img loading=\"lazy\" decoding=\"async\" class=\"alignnone wp-image-83 size-full\" title=\"Portal ISO\" src=\"\/software-gestao-qualidade\/wp-content\/uploads\/2019\/09\/ISO-9001-1.png\" alt=\"Software de Gest\u00e3o da Qualidade (SGQ) ISO 9001\" width=\"20\" height=\"20\" \/>\u00a0<a href=\"\/software-gestao-qualidade\/qualidade-precos\/\">Reajustes dos Pre\u00e7os Contratados<\/a><\/p>\n<p style=\"padding-left: 30px;\"><img loading=\"lazy\" decoding=\"async\" class=\"alignnone wp-image-82 size-full\" title=\"Portal ISO\" src=\"\/software-gestao-qualidade\/wp-content\/uploads\/2019\/09\/ISO-9001-2.png\" alt=\"Software de Gest\u00e3o da Qualidade (SGQ) ISO 9001\" width=\"20\" height=\"19\" \/>\u00a0<a href=\"\/software-gestao-qualidade\/seguranca-da-informacao\/\">Sigilo e Seguran\u00e7a das Informa\u00e7\u00f5es<\/a><\/p>\n<p style=\"padding-left: 30px;\"><img loading=\"lazy\" decoding=\"async\" class=\"alignnone wp-image-81 size-full\" title=\"Portal ISO\" src=\"\/software-gestao-qualidade\/wp-content\/uploads\/2019\/09\/ISO-9001-3.png\" alt=\"Software de Gest\u00e3o da Qualidade (SGQ) ISO 9001\" width=\"20\" height=\"20\" \/>\u00a0<a href=\"\/software-gestao-qualidade\/suporte-e-treinamento-ilimitado\/\">Suporte e Treinamento Ilimitado<\/a><\/p>\n<p style=\"padding-left: 30px;\"><img loading=\"lazy\" decoding=\"async\" class=\"alignnone wp-image-80 size-full\" title=\"Portal ISO\" src=\"\/software-gestao-qualidade\/wp-content\/uploads\/2019\/09\/ISO-9001-4.png\" alt=\"Software de Gest\u00e3o da Qualidade (SGQ) ISO 9001\" width=\"20\" height=\"20\" \/>\u00a0<a href=\"\/software-gestao-qualidade\/como-criar-novo-usuario\/\">Conceito de Usu\u00e1rio do Sistema<\/a><\/p>\n<p style=\"padding-left: 30px;\"><img loading=\"lazy\" decoding=\"async\" class=\"alignnone wp-image-79 size-full\" title=\"Portal ISO\" src=\"\/software-gestao-qualidade\/wp-content\/uploads\/2019\/09\/ISO-9001-5.png\" alt=\"Software de Gest\u00e3o da Qualidade (SGQ) ISO 9001\" width=\"20\" height=\"20\" \/>\u00a0<a href=\"\/software-gestao-qualidade\/como-liberar-acesso-de-um-usuario\/\">Conceito de Gestor do Portal<\/a><\/p>\n<p style=\"padding-left: 30px;\"><img loading=\"lazy\" decoding=\"async\" class=\"alignnone size-full wp-image-78\" src=\"\/software-gestao-qualidade\/wp-content\/uploads\/2019\/09\/ISO-9001-6.png\" alt=\"\" width=\"20\" height=\"19\" \/>\u00a0<a href=\"\/software-gestao-qualidade\/melhoria-continua\/\">Melhoria Cont\u00ednua<\/a><\/p>\n<p>&nbsp;<\/p>\n<p>O <a href=\"https:\/\/www.registrocom.com\/contratos\/contrato_de_hospedagem_portal_iso.jsf\">contrato de Presta\u00e7\u00e3o de Servi\u00e7o do <strong>Portal ISO<\/strong><\/a> cont\u00e9m a seguinte estrutura:<\/p>\n<p style=\"padding-left: 30px;\">I &#8211; OBJETO DO CONTRATO<\/p>\n<p style=\"padding-left: 30px;\">II &#8211; PRESTA\u00c7\u00c3O DE SERVI\u00c7OS<\/p>\n<p style=\"padding-left: 30px;\">III &#8211; GARANTIA DE N\u00cdVEL DE SERVI\u00c7O &#8211; SLA<\/p>\n<p style=\"padding-left: 30px;\">IV &#8211; SIGILO E SEGURAN\u00c7A DAS INFORMA\u00c7\u00d5ES<\/p>\n<p style=\"padding-left: 30px;\">V &#8211; OBRIGA\u00c7\u00d5ES DA CONTRATANTE<\/p>\n<p style=\"padding-left: 30px;\">VII &#8211; MELHORIA CONT\u00cdNUA<\/p>\n<p style=\"padding-left: 30px;\">VIII &#8211; PRE\u00c7O E FORMA DE PAGAMENTO<\/p>\n","protected":false},"excerpt":{"rendered":"<p>\u00a0Contrato\u00a0de Presta\u00e7\u00e3o de Servi\u00e7o O contrato de Presta\u00e7\u00e3o de Servi\u00e7o do Portal ISO est\u00e1 dispon\u00edvel no site RegistroCom.Com e pode ser acessado integralmente atrav\u00e9s\u00a0deste link: https:\/\/www.registrocom.com\/contratos\/contrato_de_hospedagem_portal_iso.jsf Muitas das informa\u00e7\u00f5es dispon\u00edveis nesse informativo s\u00e3o encontrada no contrato de Presta\u00e7\u00e3o de Servi\u00e7o do Portal ISO: \u00a0Reajustes dos Pre\u00e7os Contratados \u00a0Sigilo e Seguran\u00e7a das Informa\u00e7\u00f5es \u00a0Suporte e Treinamento [&hellip;]<\/p>\n","protected":false},"author":1,"featured_media":0,"parent":0,"menu_order":0,"comment_status":"closed","ping_status":"closed","template":"","meta":{"footnotes":""},"class_list":["post-52","page","type-page","status-publish","hentry"],"yoast_head":"<!-- This site is optimized with the Yoast SEO plugin v24.3 - https:\/\/yoast.com\/wordpress\/plugins\/seo\/ -->\n<title>Contrato Presta\u00e7\u00e3o Servi\u00e7o - Software Gest\u00e3o Qualidade Portal ISO<\/title>\n<meta name=\"description\" content=\"Portal ISO \u00e9 um Software de Gest\u00e3o da Qualidade completo, para verificar informa\u00e7\u00f5es contratuais acesse nosso contrato de presta\u00e7\u00e3o de servi\u00e7o.\" \/>\n<meta name=\"robots\" content=\"index, follow, max-snippet:-1, max-image-preview:large, max-video-preview:-1\" \/>\n<link rel=\"canonical\" href=\"https:\/\/portal.portaliso.com\/software-gestao-qualidade\/contrato\/\" \/>\n<meta property=\"og:locale\" content=\"pt_BR\" \/>\n<meta property=\"og:type\" content=\"article\" \/>\n<meta property=\"og:title\" content=\"Contrato Presta\u00e7\u00e3o Servi\u00e7o - Software Gest\u00e3o Qualidade Portal ISO\" \/>\n<meta property=\"og:description\" content=\"Portal ISO \u00e9 um Software de Gest\u00e3o da Qualidade completo, para verificar informa\u00e7\u00f5es contratuais acesse nosso contrato de presta\u00e7\u00e3o de servi\u00e7o.\" \/>\n<meta property=\"og:url\" content=\"https:\/\/portal.portaliso.com\/software-gestao-qualidade\/contrato\/\" \/>\n<meta property=\"og:site_name\" content=\"Info Portal ISO\" \/>\n<meta property=\"article:modified_time\" content=\"2023-03-14T18:45:06+00:00\" \/>\n<meta name=\"twitter:card\" content=\"summary_large_image\" \/>\n<meta name=\"twitter:label1\" content=\"Est. tempo de leitura\" \/>\n\t<meta name=\"twitter:data1\" content=\"1 minuto\" \/>\n<script type=\"application\/ld+json\" class=\"yoast-schema-graph\">{\"@context\":\"https:\/\/schema.org\",\"@graph\":[{\"@type\":\"WebPage\",\"@id\":\"https:\/\/portal.portaliso.com\/software-gestao-qualidade\/contrato\/\",\"url\":\"https:\/\/portal.portaliso.com\/software-gestao-qualidade\/contrato\/\",\"name\":\"Contrato Presta\u00e7\u00e3o Servi\u00e7o - Software Gest\u00e3o Qualidade Portal ISO\",\"isPartOf\":{\"@id\":\"https:\/\/portal.portaliso.com\/software-gestao-qualidade\/#website\"},\"datePublished\":\"2019-09-03T14:05:02+00:00\",\"dateModified\":\"2023-03-14T18:45:06+00:00\",\"description\":\"Portal ISO \u00e9 um Software de Gest\u00e3o da Qualidade completo, para verificar informa\u00e7\u00f5es contratuais acesse nosso contrato de presta\u00e7\u00e3o de servi\u00e7o.\",\"breadcrumb\":{\"@id\":\"https:\/\/portal.portaliso.com\/software-gestao-qualidade\/contrato\/#breadcrumb\"},\"inLanguage\":\"pt-BR\",\"potentialAction\":[{\"@type\":\"ReadAction\",\"target\":[\"https:\/\/portal.portaliso.com\/software-gestao-qualidade\/contrato\/\"]}]},{\"@type\":\"BreadcrumbList\",\"@id\":\"https:\/\/portal.portaliso.com\/software-gestao-qualidade\/contrato\/#breadcrumb\",\"itemListElement\":[{\"@type\":\"ListItem\",\"position\":1,\"name\":\"In\u00edcio\",\"item\":\"https:\/\/portal.portaliso.com\/software-gestao-qualidade\/\"},{\"@type\":\"ListItem\",\"position\":2,\"name\":\"Contrato de Presta\u00e7\u00e3o de Servi\u00e7o\"}]},{\"@type\":\"WebSite\",\"@id\":\"https:\/\/portal.portaliso.com\/software-gestao-qualidade\/#website\",\"url\":\"https:\/\/portal.portaliso.com\/software-gestao-qualidade\/\",\"name\":\"Info Portal ISO\",\"description\":\"\",\"potentialAction\":[{\"@type\":\"SearchAction\",\"target\":{\"@type\":\"EntryPoint\",\"urlTemplate\":\"https:\/\/portal.portaliso.com\/software-gestao-qualidade\/?s={search_term_string}\"},\"query-input\":{\"@type\":\"PropertyValueSpecification\",\"valueRequired\":true,\"valueName\":\"search_term_string\"}}],\"inLanguage\":\"pt-BR\"}]}<\/script>\n<!-- \/ Yoast SEO plugin. -->","yoast_head_json":{"title":"Contrato Presta\u00e7\u00e3o Servi\u00e7o - Software Gest\u00e3o Qualidade Portal ISO","description":"Portal ISO \u00e9 um Software de Gest\u00e3o da Qualidade completo, para verificar informa\u00e7\u00f5es contratuais acesse nosso contrato de presta\u00e7\u00e3o de servi\u00e7o.","robots":{"index":"index","follow":"follow","max-snippet":"max-snippet:-1","max-image-preview":"max-image-preview:large","max-video-preview":"max-video-preview:-1"},"canonical":"https:\/\/portal.portaliso.com\/software-gestao-qualidade\/contrato\/","og_locale":"pt_BR","og_type":"article","og_title":"Contrato Presta\u00e7\u00e3o Servi\u00e7o - Software Gest\u00e3o Qualidade Portal ISO","og_description":"Portal ISO \u00e9 um Software de Gest\u00e3o da Qualidade completo, para verificar informa\u00e7\u00f5es contratuais acesse nosso contrato de presta\u00e7\u00e3o de servi\u00e7o.","og_url":"https:\/\/portal.portaliso.com\/software-gestao-qualidade\/contrato\/","og_site_name":"Info Portal ISO","article_modified_time":"2023-03-14T18:45:06+00:00","twitter_card":"summary_large_image","twitter_misc":{"Est. tempo de leitura":"1 minuto"},"schema":{"@context":"https:\/\/schema.org","@graph":[{"@type":"WebPage","@id":"https:\/\/portal.portaliso.com\/software-gestao-qualidade\/contrato\/","url":"https:\/\/portal.portaliso.com\/software-gestao-qualidade\/contrato\/","name":"Contrato Presta\u00e7\u00e3o Servi\u00e7o - Software Gest\u00e3o Qualidade Portal ISO","isPartOf":{"@id":"https:\/\/portal.portaliso.com\/software-gestao-qualidade\/#website"},"datePublished":"2019-09-03T14:05:02+00:00","dateModified":"2023-03-14T18:45:06+00:00","description":"Portal ISO \u00e9 um Software de Gest\u00e3o da Qualidade completo, para verificar informa\u00e7\u00f5es contratuais acesse nosso contrato de presta\u00e7\u00e3o de servi\u00e7o.","breadcrumb":{"@id":"https:\/\/portal.portaliso.com\/software-gestao-qualidade\/contrato\/#breadcrumb"},"inLanguage":"pt-BR","potentialAction":[{"@type":"ReadAction","target":["https:\/\/portal.portaliso.com\/software-gestao-qualidade\/contrato\/"]}]},{"@type":"BreadcrumbList","@id":"https:\/\/portal.portaliso.com\/software-gestao-qualidade\/contrato\/#breadcrumb","itemListElement":[{"@type":"ListItem","position":1,"name":"In\u00edcio","item":"https:\/\/portal.portaliso.com\/software-gestao-qualidade\/"},{"@type":"ListItem","position":2,"name":"Contrato de Presta\u00e7\u00e3o de Servi\u00e7o"}]},{"@type":"WebSite","@id":"https:\/\/portal.portaliso.com\/software-gestao-qualidade\/#website","url":"https:\/\/portal.portaliso.com\/software-gestao-qualidade\/","name":"Info Portal ISO","description":"","potentialAction":[{"@type":"SearchAction","target":{"@type":"EntryPoint","urlTemplate":"https:\/\/portal.portaliso.com\/software-gestao-qualidade\/?s={search_term_string}"},"query-input":{"@type":"PropertyValueSpecification","valueRequired":true,"valueName":"search_term_string"}}],"inLanguage":"pt-BR"}]}},"_links":{"self":[{"href":"https:\/\/portal.portaliso.com\/software-gestao-qualidade\/wp-json\/wp\/v2\/pages\/52","targetHints":{"allow":["GET"]}}],"collection":[{"href":"https:\/\/portal.portaliso.com\/software-gestao-qualidade\/wp-json\/wp\/v2\/pages"}],"about":[{"href":"https:\/\/portal.portaliso.com\/software-gestao-qualidade\/wp-json\/wp\/v2\/types\/page"}],"author":[{"embeddable":true,"href":"https:\/\/portal.portaliso.com\/software-gestao-qualidade\/wp-json\/wp\/v2\/users\/1"}],"replies":[{"embeddable":true,"href":"https:\/\/portal.portaliso.com\/software-gestao-qualidade\/wp-json\/wp\/v2\/comments?post=52"}],"version-history":[{"count":16,"href":"https:\/\/portal.portaliso.com\/software-gestao-qualidade\/wp-json\/wp\/v2\/pages\/52\/revisions"}],"predecessor-version":[{"id":504,"href":"https:\/\/portal.portaliso.com\/software-gestao-qualidade\/wp-json\/wp\/v2\/pages\/52\/revisions\/504"}],"wp:attachment":[{"href":"https:\/\/portal.portaliso.com\/software-gestao-qualidade\/wp-json\/wp\/v2\/media?parent=52"}],"curies":[{"name":"wp","href":"https:\/\/api.w.org\/{rel}","templated":true}]}}