{"id":48,"date":"2019-09-03T11:02:49","date_gmt":"2019-09-03T14:02:49","guid":{"rendered":"http:\/\/infoportal.portaliso.com\/software-gestao-qualidade\/?page_id=48"},"modified":"2023-03-14T15:08:21","modified_gmt":"2023-03-14T18:08:21","slug":"melhoria-continua","status":"publish","type":"page","link":"https:\/\/portal.portaliso.com\/software-gestao-qualidade\/melhoria-continua\/","title":{"rendered":"Melhoria Cont\u00ednua"},"content":{"rendered":"<h4><img loading=\"lazy\" decoding=\"async\" class=\"alignnone wp-image-174 size-full\" title=\"Melhoria Cont\u00ednua\" src=\"\/software-gestao-qualidade\/wp-content\/uploads\/2019\/09\/NBR-ISO-9001-4.jpg\" alt=\"Software de Gest\u00e3o da Qualidade (SGQ) - ISO 9001\" width=\"33\" height=\"30\" \/>\u00a0Melhoria Cont\u00ednua<\/h4>\n<p><img loading=\"lazy\" decoding=\"async\" class=\"aligncenter wp-image-272 size-medium\" title=\"Melhoria Cont\u00ednua\" src=\"\/software-gestao-qualidade\/wp-content\/uploads\/2019\/09\/Melhoria-Cont\u00ednua-300x136.jpg\" alt=\"Software de Gest\u00e3o da Qualidade (SGQ) - ISO 9001\" width=\"300\" height=\"136\" srcset=\"https:\/\/portal.portaliso.com\/software-gestao-qualidade\/wp-content\/uploads\/2019\/09\/Melhoria-Cont\u00ednua-300x136.jpg 300w, https:\/\/portal.portaliso.com\/software-gestao-qualidade\/wp-content\/uploads\/2019\/09\/Melhoria-Cont\u00ednua-410x186.jpg 410w, https:\/\/portal.portaliso.com\/software-gestao-qualidade\/wp-content\/uploads\/2019\/09\/Melhoria-Cont\u00ednua-100x45.jpg 100w, https:\/\/portal.portaliso.com\/software-gestao-qualidade\/wp-content\/uploads\/2019\/09\/Melhoria-Cont\u00ednua-275x125.jpg 275w, https:\/\/portal.portaliso.com\/software-gestao-qualidade\/wp-content\/uploads\/2019\/09\/Melhoria-Cont\u00ednua.jpg 440w\" sizes=\"auto, (max-width: 300px) 100vw, 300px\" \/><\/p>\n<p style=\"text-align: justify;\">O <strong><span style=\"color: #ff9900;\">Portal<\/span>\u00a0<span style=\"color: #ff9900;\">ISO<\/span><\/strong>\u00a0pode ser usado para solucionar uma infinidade de problemas, embora tenha sido originalmente projetado para ISO 9001.<\/p>\n<p style=\"text-align: justify;\">N\u00e3o existe um limite expl\u00edcito sobre o que pode ser feito pelo <strong><span style=\"color: #ff9900;\">Portal<\/span>\u00a0<span style=\"color: #ff9900;\">ISO<\/span><\/strong>. Entre em contato conosco e estudaremos o seu caso <span style=\"color: #ff0000;\"><strong>gratuitamente.<\/strong><\/span><\/p>\n<p style=\"text-align: justify;\">Muitas das funcionalidades dispon\u00edveis hoje no software foram sugeridas por nossos clientes. O <strong><span style=\"color: #ff9900;\">Portal<\/span>\u00a0<span style=\"color: #ff9900;\">ISO<\/span><\/strong> \u00e9 certificado pela ISO 9001 e, como um produto certificado, busca a melhoria continuamente. Al\u00e9m de incentivar o envio de sugest\u00f5es de melhoria pelos usu\u00e1rios do Portal, quando um cliente d\u00e1 uma sugest\u00e3o que beneficia ao Portal como um todo e essa melhoria \u00e9 implementada, n\u00f3s agradecemos enviando uma pequena lembrancinha.<\/p>\n<p style=\"text-align: justify;\">Toda semana uma nova vers\u00e3o do software \u00e9 lan\u00e7ada e os usu\u00e1rios do Portal sempre utilizam a vers\u00e3o mais recente e completa.<\/p>\n<p style=\"text-align: justify;\">O <strong><span style=\"color: #ff9900;\">Portal<\/span>\u00a0<span style=\"color: #ff9900;\">ISO<\/span><\/strong>\u00a0possui mais de 500 funcionalidades e todos os nossos planos incluem<strong>\u00a0todas as funcionalidades<\/strong>\u00a0existentes no momento da contrata\u00e7\u00e3o e melhorias implementadas posteriormente.<\/p>\n<p>&nbsp;<\/p>\n<h5><img loading=\"lazy\" decoding=\"async\" class=\"alignnone wp-image-179 size-full\" title=\"Software Empresarial Flex\u00edvel\" src=\"\/software-gestao-qualidade\/wp-content\/uploads\/2019\/09\/NBR-ISO-9001-3-1.jpg\" alt=\"Software de Gest\u00e3o da Qualidade (SGQ) - ISO 9001\" width=\"32\" height=\"30\" \/>\u00a0Software Empresarial Flex\u00edvel<\/h5>\n<p style=\"text-align: justify;\">Um dos grandes diferenciais do <strong><span style=\"color: #ff9900;\">Portal<\/span>\u00a0<span style=\"color: #ff9900;\">ISO<\/span><\/strong>\u00a0\u00e9 a facilidade e a comodidade que voc\u00ea tem para solucionar os seus problemas de forma r\u00e1pida, confi\u00e1vel e personalizada.<\/p>\n<p style=\"text-align: justify;\">Caso sua organiza\u00e7\u00e3o necessite de alguma solu\u00e7\u00e3o personalizada, nossa equipe, altamente qualificada, ir\u00e1 estudar seu problema e propor uma solu\u00e7\u00e3o robusta e adequada ao seu ambiente espec\u00edfico. Voc\u00ea ter\u00e1 apenas que examinar e aprovar a solu\u00e7\u00e3o proposta.<\/p>\n<p style=\"text-align: justify;\">Em seguida, n\u00f3s implementaremos a solu\u00e7\u00e3o aprovada,\u00a0em poucos dias, que j\u00e1 poder\u00e1 come\u00e7ar a ser usada por sua empresa.<\/p>\n<p style=\"text-align: justify;\">Sabemos que isso pode parecer m\u00e1gica, mas \u00e9 apenas tecnologia de ponta. N\u00f3s somos uma empresa considerada inovadora pelo <strong>BDMG<\/strong> (Banco de Desenvolvimento de Minas Gerais) e pela <strong>FAPEMIG<\/strong> (institui\u00e7\u00e3o respons\u00e1vel pela qualidade da pesquisa cient\u00edfica e tecnol\u00f3gica em MG).<\/p>\n<p style=\"text-align: justify;\">No contrato de Presta\u00e7\u00e3o de Servi\u00e7o do <strong><span style=\"color: #ff9900;\">Portal<\/span>\u00a0<span style=\"color: #ff9900;\">ISO<\/span><\/strong>, dispon\u00edvel\u00a0<a href=\"https:\/\/www.registrocom.com\/contratos\/contrato_de_hospedagem_portal_iso.jsf\" target=\"_blank\" rel=\"noopener\">nesse link<\/a>\u00a0encontramos o compromisso com a <strong>Melhoria Cont\u00ednua<\/strong>.<\/p>\n","protected":false},"excerpt":{"rendered":"<p>\u00a0Melhoria Cont\u00ednua O Portal\u00a0ISO\u00a0pode ser usado para solucionar uma infinidade de problemas, embora tenha sido originalmente projetado para ISO 9001. N\u00e3o existe um limite expl\u00edcito sobre o que pode ser feito pelo Portal\u00a0ISO. Entre em contato conosco e estudaremos o seu caso gratuitamente. Muitas das funcionalidades dispon\u00edveis hoje no software foram sugeridas por nossos clientes. [&hellip;]<\/p>\n","protected":false},"author":1,"featured_media":0,"parent":0,"menu_order":0,"comment_status":"closed","ping_status":"closed","template":"","meta":{"footnotes":""},"class_list":["post-48","page","type-page","status-publish","hentry"],"yoast_head":"<!-- This site is optimized with the Yoast SEO plugin v24.3 - https:\/\/yoast.com\/wordpress\/plugins\/seo\/ -->\n<title>Melhoria Cont\u00ednua - Software Gest\u00e3o Qualidade Portal ISO<\/title>\n<meta name=\"description\" content=\"Portal ISO \u00e9 um Software de Gest\u00e3o da Qualidade completo e certificado ISO 9001, a partir das sugest\u00f5es dos usu\u00e1rios melhora continuamente.\" \/>\n<meta name=\"robots\" content=\"index, follow, max-snippet:-1, max-image-preview:large, max-video-preview:-1\" \/>\n<link rel=\"canonical\" href=\"https:\/\/portal.portaliso.com\/software-gestao-qualidade\/melhoria-continua\/\" \/>\n<meta property=\"og:locale\" content=\"pt_BR\" \/>\n<meta property=\"og:type\" content=\"article\" \/>\n<meta property=\"og:title\" content=\"Melhoria Cont\u00ednua - Software Gest\u00e3o Qualidade Portal ISO\" \/>\n<meta property=\"og:description\" content=\"Portal ISO \u00e9 um Software de Gest\u00e3o da Qualidade completo e certificado ISO 9001, a partir das sugest\u00f5es dos usu\u00e1rios melhora continuamente.\" \/>\n<meta property=\"og:url\" content=\"https:\/\/portal.portaliso.com\/software-gestao-qualidade\/melhoria-continua\/\" \/>\n<meta property=\"og:site_name\" content=\"Info Portal ISO\" \/>\n<meta property=\"article:modified_time\" content=\"2023-03-14T18:08:21+00:00\" \/>\n<meta name=\"twitter:card\" content=\"summary_large_image\" \/>\n<meta name=\"twitter:label1\" content=\"Est. tempo de leitura\" \/>\n\t<meta name=\"twitter:data1\" content=\"2 minutos\" \/>\n<script type=\"application\/ld+json\" class=\"yoast-schema-graph\">{\"@context\":\"https:\/\/schema.org\",\"@graph\":[{\"@type\":\"WebPage\",\"@id\":\"https:\/\/portal.portaliso.com\/software-gestao-qualidade\/melhoria-continua\/\",\"url\":\"https:\/\/portal.portaliso.com\/software-gestao-qualidade\/melhoria-continua\/\",\"name\":\"Melhoria Cont\u00ednua - Software Gest\u00e3o Qualidade Portal ISO\",\"isPartOf\":{\"@id\":\"https:\/\/portal.portaliso.com\/software-gestao-qualidade\/#website\"},\"datePublished\":\"2019-09-03T14:02:49+00:00\",\"dateModified\":\"2023-03-14T18:08:21+00:00\",\"description\":\"Portal ISO \u00e9 um Software de Gest\u00e3o da Qualidade completo e certificado ISO 9001, a partir das sugest\u00f5es dos usu\u00e1rios melhora continuamente.\",\"breadcrumb\":{\"@id\":\"https:\/\/portal.portaliso.com\/software-gestao-qualidade\/melhoria-continua\/#breadcrumb\"},\"inLanguage\":\"pt-BR\",\"potentialAction\":[{\"@type\":\"ReadAction\",\"target\":[\"https:\/\/portal.portaliso.com\/software-gestao-qualidade\/melhoria-continua\/\"]}]},{\"@type\":\"BreadcrumbList\",\"@id\":\"https:\/\/portal.portaliso.com\/software-gestao-qualidade\/melhoria-continua\/#breadcrumb\",\"itemListElement\":[{\"@type\":\"ListItem\",\"position\":1,\"name\":\"In\u00edcio\",\"item\":\"https:\/\/portal.portaliso.com\/software-gestao-qualidade\/\"},{\"@type\":\"ListItem\",\"position\":2,\"name\":\"Melhoria Cont\u00ednua\"}]},{\"@type\":\"WebSite\",\"@id\":\"https:\/\/portal.portaliso.com\/software-gestao-qualidade\/#website\",\"url\":\"https:\/\/portal.portaliso.com\/software-gestao-qualidade\/\",\"name\":\"Info Portal ISO\",\"description\":\"\",\"potentialAction\":[{\"@type\":\"SearchAction\",\"target\":{\"@type\":\"EntryPoint\",\"urlTemplate\":\"https:\/\/portal.portaliso.com\/software-gestao-qualidade\/?s={search_term_string}\"},\"query-input\":{\"@type\":\"PropertyValueSpecification\",\"valueRequired\":true,\"valueName\":\"search_term_string\"}}],\"inLanguage\":\"pt-BR\"}]}<\/script>\n<!-- \/ Yoast SEO plugin. -->","yoast_head_json":{"title":"Melhoria Cont\u00ednua - Software Gest\u00e3o Qualidade Portal ISO","description":"Portal ISO \u00e9 um Software de Gest\u00e3o da Qualidade completo e certificado ISO 9001, a partir das sugest\u00f5es dos usu\u00e1rios melhora continuamente.","robots":{"index":"index","follow":"follow","max-snippet":"max-snippet:-1","max-image-preview":"max-image-preview:large","max-video-preview":"max-video-preview:-1"},"canonical":"https:\/\/portal.portaliso.com\/software-gestao-qualidade\/melhoria-continua\/","og_locale":"pt_BR","og_type":"article","og_title":"Melhoria Cont\u00ednua - Software Gest\u00e3o Qualidade Portal ISO","og_description":"Portal ISO \u00e9 um Software de Gest\u00e3o da Qualidade completo e certificado ISO 9001, a partir das sugest\u00f5es dos usu\u00e1rios melhora continuamente.","og_url":"https:\/\/portal.portaliso.com\/software-gestao-qualidade\/melhoria-continua\/","og_site_name":"Info Portal ISO","article_modified_time":"2023-03-14T18:08:21+00:00","twitter_card":"summary_large_image","twitter_misc":{"Est. tempo de leitura":"2 minutos"},"schema":{"@context":"https:\/\/schema.org","@graph":[{"@type":"WebPage","@id":"https:\/\/portal.portaliso.com\/software-gestao-qualidade\/melhoria-continua\/","url":"https:\/\/portal.portaliso.com\/software-gestao-qualidade\/melhoria-continua\/","name":"Melhoria Cont\u00ednua - Software Gest\u00e3o Qualidade Portal ISO","isPartOf":{"@id":"https:\/\/portal.portaliso.com\/software-gestao-qualidade\/#website"},"datePublished":"2019-09-03T14:02:49+00:00","dateModified":"2023-03-14T18:08:21+00:00","description":"Portal ISO \u00e9 um Software de Gest\u00e3o da Qualidade completo e certificado ISO 9001, a partir das sugest\u00f5es dos usu\u00e1rios melhora continuamente.","breadcrumb":{"@id":"https:\/\/portal.portaliso.com\/software-gestao-qualidade\/melhoria-continua\/#breadcrumb"},"inLanguage":"pt-BR","potentialAction":[{"@type":"ReadAction","target":["https:\/\/portal.portaliso.com\/software-gestao-qualidade\/melhoria-continua\/"]}]},{"@type":"BreadcrumbList","@id":"https:\/\/portal.portaliso.com\/software-gestao-qualidade\/melhoria-continua\/#breadcrumb","itemListElement":[{"@type":"ListItem","position":1,"name":"In\u00edcio","item":"https:\/\/portal.portaliso.com\/software-gestao-qualidade\/"},{"@type":"ListItem","position":2,"name":"Melhoria Cont\u00ednua"}]},{"@type":"WebSite","@id":"https:\/\/portal.portaliso.com\/software-gestao-qualidade\/#website","url":"https:\/\/portal.portaliso.com\/software-gestao-qualidade\/","name":"Info Portal ISO","description":"","potentialAction":[{"@type":"SearchAction","target":{"@type":"EntryPoint","urlTemplate":"https:\/\/portal.portaliso.com\/software-gestao-qualidade\/?s={search_term_string}"},"query-input":{"@type":"PropertyValueSpecification","valueRequired":true,"valueName":"search_term_string"}}],"inLanguage":"pt-BR"}]}},"_links":{"self":[{"href":"https:\/\/portal.portaliso.com\/software-gestao-qualidade\/wp-json\/wp\/v2\/pages\/48","targetHints":{"allow":["GET"]}}],"collection":[{"href":"https:\/\/portal.portaliso.com\/software-gestao-qualidade\/wp-json\/wp\/v2\/pages"}],"about":[{"href":"https:\/\/portal.portaliso.com\/software-gestao-qualidade\/wp-json\/wp\/v2\/types\/page"}],"author":[{"embeddable":true,"href":"https:\/\/portal.portaliso.com\/software-gestao-qualidade\/wp-json\/wp\/v2\/users\/1"}],"replies":[{"embeddable":true,"href":"https:\/\/portal.portaliso.com\/software-gestao-qualidade\/wp-json\/wp\/v2\/comments?post=48"}],"version-history":[{"count":11,"href":"https:\/\/portal.portaliso.com\/software-gestao-qualidade\/wp-json\/wp\/v2\/pages\/48\/revisions"}],"predecessor-version":[{"id":497,"href":"https:\/\/portal.portaliso.com\/software-gestao-qualidade\/wp-json\/wp\/v2\/pages\/48\/revisions\/497"}],"wp:attachment":[{"href":"https:\/\/portal.portaliso.com\/software-gestao-qualidade\/wp-json\/wp\/v2\/media?parent=48"}],"curies":[{"name":"wp","href":"https:\/\/api.w.org\/{rel}","templated":true}]}}