{"id":45,"date":"2019-09-03T11:02:06","date_gmt":"2019-09-03T14:02:06","guid":{"rendered":"http:\/\/infoportal.portaliso.com\/software-gestao-qualidade\/?page_id=45"},"modified":"2025-01-22T11:41:05","modified_gmt":"2025-01-22T14:41:05","slug":"qualidade-precos","status":"publish","type":"page","link":"https:\/\/portal.portaliso.com\/software-gestao-qualidade\/qualidade-precos\/","title":{"rendered":"Qualidade &#038; Pre\u00e7os"},"content":{"rendered":"<h4><img loading=\"lazy\" decoding=\"async\" class=\"alignnone wp-image-174 size-full\" title=\"Qualidade &amp; Pre\u00e7os\" src=\"\/software-gestao-qualidade\/wp-content\/uploads\/2019\/09\/NBR-ISO-9001-4.jpg\" alt=\"Software de Gest\u00e3o da Qualidade (SGQ) - ISO 9001\" width=\"33\" height=\"30\" \/>\u00a0Qualidade &amp; Pre\u00e7os<\/h4>\n<p><img loading=\"lazy\" decoding=\"async\" class=\"aligncenter wp-image-259 size-full\" title=\"Qualidade &amp; Pre\u00e7o\" src=\"\/software-gestao-qualidade\/wp-content\/uploads\/2019\/09\/qualidade-pre\u00e7o.png\" alt=\"Software de Gest\u00e3o da Qualidade (SGQ) - ISO 9001\" width=\"196\" height=\"195\" srcset=\"https:\/\/portal.portaliso.com\/software-gestao-qualidade\/wp-content\/uploads\/2019\/09\/qualidade-pre\u00e7o.png 196w, https:\/\/portal.portaliso.com\/software-gestao-qualidade\/wp-content\/uploads\/2019\/09\/qualidade-pre\u00e7o-150x150.png 150w, https:\/\/portal.portaliso.com\/software-gestao-qualidade\/wp-content\/uploads\/2019\/09\/qualidade-pre\u00e7o-100x99.png 100w\" sizes=\"auto, (max-width: 196px) 100vw, 196px\" \/><\/p>\n<p style=\"text-align: justify;\">O <strong><span style=\"color: #ff9900;\">Portal<\/span>\u00a0<span style=\"color: #ff9900;\">ISO<\/span><\/strong>\u00a0\u00e9 composto de seis m\u00f3dulos, <strong>GED, Chamados, Requisitos, Calibra\u00e7\u00e3o, Auditoria e Processo Monitorado<\/strong>,\u00a0e possui mais de 500 funcionalidades.<\/p>\n<p style=\"text-align: justify;\">Qualquer pacote contratado sempre incluir\u00e1 <strong>todos os m\u00f3dulos e todas as funcionalidades<\/strong> existentes no momento da contrata\u00e7\u00e3o e melhorias implementadas posteriormente.<\/p>\n<p style=\"text-align: justify;\">Conseguimos combinar <strong>baixo pre\u00e7o com alt\u00edssima qualidade<\/strong> e para que voc\u00ea possa constatar isso, oferecemos 30 dias de teste gratuito, sem compromisso. Al\u00e9m disso, o contrato pode ser cancelado a qualquer momento, sem per\u00edodo de car\u00eancia, fidelidade, etc.<\/p>\n<h5><strong><span style=\"color: #ff9900;\"><img loading=\"lazy\" decoding=\"async\" class=\"alignnone wp-image-83 size-full\" title=\"Configura\u00e7\u00e3o e Adapta\u00e7\u00e3o do Software \u00e0s Necessidades do Cliente\" src=\"\/software-gestao-qualidade\/wp-content\/uploads\/2019\/09\/ISO-9001-1.png\" alt=\"Software de Gest\u00e3o da Qualidade (SGQ) - ISO 9001\" width=\"20\" height=\"20\" \/><\/span><\/strong>\u00a0Pacote B\u00e1sico<strong><br \/>\n<\/strong><\/h5>\n<p>Contratando o Pacote B\u00e1sico, com<b>\u00a0todas as funcionalidades<\/b>\u00a0do software, sua organiza\u00e7\u00e3o ter\u00e1\u00a0direito a:<\/p>\n<ul>\n<li>suporte ilimitado, dentro do hor\u00e1rio comercial;<\/li>\n<li>permiss\u00e3o para at\u00e9 10 usu\u00e1rios;<\/li>\n<li>permiss\u00e3o para at\u00e9 05 usu\u00e1rios simult\u00e2neos;<\/li>\n<li>permiss\u00e3o para at\u00e9\u00a003 unidades audit\u00e1veis;<\/li>\n<li>permiss\u00e3o para cadastro de at\u00e9 10 instrumentos para gest\u00e3o de calibra\u00e7\u00e3o;<\/li>\n<li>permiss\u00e3o para configura\u00e7\u00e3o de at\u00e9 01 tipo de processo monitorado;<\/li>\n<li>10 GB de espa\u00e7o para ser usado nos seis m\u00f3dulos.<\/li>\n<\/ul>\n<p>Para conferir o pre\u00e7o do nosso <strong>Plano B\u00e1sico<\/strong> e outros detalhes\u00a0<a href=\"https:\/\/www.portaliso.com\/precos\/\" target=\"_blank\" rel=\"noopener\"><strong>CLIQUE AQUI<\/strong><\/a>\u00a0!<\/p>\n<h5><img loading=\"lazy\" decoding=\"async\" class=\"alignnone wp-image-82 size-full\" title=\"Configura\u00e7\u00e3o e Adapta\u00e7\u00e3o do Software \u00e0s Necessidades do Cliente\" src=\"\/software-gestao-qualidade\/wp-content\/uploads\/2019\/09\/ISO-9001-2.png\" alt=\"Software de Gest\u00e3o da Qualidade (SGQ) - ISO 9001\" width=\"20\" height=\"19\" \/>\u00a0Pacotes Personalizados<\/h5>\n<p style=\"text-align: justify;\">Os nossos pacotes incluem <b>todas as funcionalidades do software e<\/b><strong>\u00a0suporte ilimitado<\/strong>, dentro do hor\u00e1rio comercial.<\/p>\n<p style=\"text-align: justify;\">O custo do Pacote Personalizado varia de acordo com os itens abaixo:<\/p>\n<ul style=\"text-align: justify;\">\n<li>quantidade total de usu\u00e1rios;<\/li>\n<li>quantidade de usu\u00e1rios simult\u00e2neos;<\/li>\n<li>quantidade de unidades audit\u00e1veis;<\/li>\n<li>quantidade de instrumentos para gest\u00e3o de calibra\u00e7\u00e3o;<\/li>\n<li>quantidade de tipos de processo monitorado;<\/li>\n<li>quantidade de espa\u00e7o para ser usado nos seis m\u00f3dulos.<\/li>\n<\/ul>\n<p>Para solicitar um <strong>or\u00e7amento personalizado<\/strong>, entre em <a href=\"https:\/\/www.portaliso.com\/fale-conosco\/\">contato conosco<\/a>, informando as quantidades referentes aos itens acima.<\/p>\n<p style=\"text-align: justify;\">Mas tamb\u00e9m existe a possibilidade de adquirir apenas um <strong>\u00fanico<\/strong> m\u00f3dulo. Para conferir o pre\u00e7o e outros detalhes\u00a0<a href=\"https:\/\/www.portaliso.com\/precos\/\" target=\"_blank\" rel=\"noopener\"><strong>CLIQUE AQUI<\/strong><\/a>\u00a0!<\/p>\n<h5><strong><img loading=\"lazy\" decoding=\"async\" class=\"alignnone wp-image-81 size-full\" title=\"Configura\u00e7\u00e3o e Adapta\u00e7\u00e3o do Software \u00e0s Necessidades do Cliente\" src=\"\/software-gestao-qualidade\/wp-content\/uploads\/2019\/09\/ISO-9001-3.png\" alt=\"Software de Gest\u00e3o da Qualidade (SGQ) - ISO 9001\" width=\"20\" height=\"20\" \/>\u00a0<\/strong>Configura\u00e7\u00e3o e Adapta\u00e7\u00e3o do Software \u00e0s Necessidades do Cliente<\/h5>\n<p style=\"text-align: justify;\">A consultoria para exame dos requisitos do cliente, a configura\u00e7\u00e3o de uma solu\u00e7\u00e3o personalizada e o servi\u00e7o de implementa\u00e7\u00e3o da solu\u00e7\u00e3o personalizada s\u00e3o<strong><span style=\"color: #ff0000;\"> gratuitos<\/span><\/strong>.<\/p>\n<p><strong>\u00a0<\/strong><\/p>\n<h5><strong><img loading=\"lazy\" decoding=\"async\" class=\"alignnone wp-image-80 size-full\" title=\"Personaliza\u00e7\u00e3o e Desenvolvimentos de Solu\u00e7\u00f5es Exclusivas\" src=\"\/software-gestao-qualidade\/wp-content\/uploads\/2019\/09\/ISO-9001-4.png\" alt=\"Software de Gest\u00e3o da Qualidade (SGQ) - ISO 9001\" width=\"20\" height=\"20\" \/>\u00a0<\/strong>Personaliza\u00e7\u00e3o e Desenvolvimentos de Solu\u00e7\u00f5es Exclusivas<strong><br \/>\n<\/strong><\/h5>\n<p style=\"text-align: justify;\">Os m\u00f3dulos do <strong><span style=\"color: #ff9900;\">Portal<\/span>\u00a0<span style=\"color: #ff9900;\">ISO<\/span>\u00a0<\/strong>s\u00e3o capazes de se adaptarem a quase todas as necessidades com simples configura\u00e7\u00f5es, mas em alguns casos \u00e9 necess\u00e1ria uma solu\u00e7\u00e3o exclusiva ou personalizada, como por exemplo: integra\u00e7\u00e3o com sistemas do cliente, cria\u00e7\u00e3o de plugin para realizar tarefas de interesse exclusivo do cliente, etc.<\/p>\n<p style=\"text-align: justify;\">O pre\u00e7o que cobramos\u00a0 para desenvolvimento de solu\u00e7\u00f5es exclusivas \u00e9 simb\u00f3lico e cobre apenas parte de nossos custos.<\/p>\n<h5><strong><img loading=\"lazy\" decoding=\"async\" class=\"alignnone wp-image-79 size-full\" title=\"Garantia de Continuidade de Pre\u00e7os Contratados\" src=\"\/software-gestao-qualidade\/wp-content\/uploads\/2019\/09\/ISO-9001-5.png\" alt=\"Software de Gest\u00e3o da Qualidade (SGQ) - ISO 9001\" width=\"20\" height=\"20\" \/>\u00a0<\/strong>Garantia de Continuidade de Pre\u00e7os Contratados<strong><br \/>\n<\/strong><\/h5>\n<p style=\"text-align: justify;\">O <strong><span style=\"color: #ff9900;\">Portal<\/span>\u00a0<\/strong><span style=\"color: #ff9900;\"><strong>ISO<\/strong><\/span><strong>\u00a0<\/strong>garante para todos os clientes e parceiros a continuidade dos pre\u00e7os do portais efetivamente contratados, que sofrer\u00e3o, apenas, a corre\u00e7\u00e3o monet\u00e1ria a cada 12 meses, em dezembro de cada ano, calculada pelo INPC.<\/p>\n<p style=\"text-align: justify;\">Assim, mesmo que os pre\u00e7os ou as promo\u00e7\u00f5es em curso venham a ser modificadas, os contratos em andamento n\u00e3o ser\u00e3o afetados e os respectivos clientes n\u00e3o ter\u00e3o qualquer acr\u00e9scimos al\u00e9m da corre\u00e7\u00e3o monet\u00e1ria citada acima.<\/p>\n<p style=\"text-align: justify;\">No contrato de Presta\u00e7\u00e3o de Servi\u00e7o do <strong><span style=\"color: #ff9900;\">Portal<\/span>\u00a0<span style=\"color: #ff9900;\">ISO<\/span><\/strong>, dispon\u00edvel\u00a0<a href=\"https:\/\/www.registrocom.com\/contratos\/contrato_de_hospedagem_portal_iso.jsf\">nesse link<\/a>\u00a0encontramos informa\u00e7\u00f5es sobre <b>Reajustes dos Pre\u00e7os Contratados<\/b>.<\/p>\n","protected":false},"excerpt":{"rendered":"<p>\u00a0Qualidade &amp; Pre\u00e7os O Portal\u00a0ISO\u00a0\u00e9 composto de seis m\u00f3dulos, GED, Chamados, Requisitos, Calibra\u00e7\u00e3o, Auditoria e Processo Monitorado,\u00a0e possui mais de 500 funcionalidades. Qualquer pacote contratado sempre incluir\u00e1 todos os m\u00f3dulos e todas as funcionalidades existentes no momento da contrata\u00e7\u00e3o e melhorias implementadas posteriormente. Conseguimos combinar baixo pre\u00e7o com alt\u00edssima qualidade e para que voc\u00ea possa [&hellip;]<\/p>\n","protected":false},"author":1,"featured_media":0,"parent":0,"menu_order":0,"comment_status":"closed","ping_status":"closed","template":"","meta":{"footnotes":""},"class_list":["post-45","page","type-page","status-publish","hentry"],"yoast_head":"<!-- This site is optimized with the Yoast SEO plugin v24.3 - https:\/\/yoast.com\/wordpress\/plugins\/seo\/ -->\n<title>Qualidade &amp; Pre\u00e7os - Software Gest\u00e3o Qualidade Portal ISO<\/title>\n<meta name=\"description\" content=\"Portal ISO \u00e9 um Software de Gest\u00e3o da Qualidade completo, desenvolvido em parceria com a UFV. Combina altissima qualidade e baixo pre\u00e7o.\" \/>\n<meta name=\"robots\" content=\"index, follow, max-snippet:-1, max-image-preview:large, max-video-preview:-1\" \/>\n<link rel=\"canonical\" href=\"https:\/\/portal.portaliso.com\/software-gestao-qualidade\/qualidade-precos\/\" \/>\n<meta property=\"og:locale\" content=\"pt_BR\" \/>\n<meta property=\"og:type\" content=\"article\" \/>\n<meta property=\"og:title\" content=\"Qualidade &amp; Pre\u00e7os - Software Gest\u00e3o Qualidade Portal ISO\" \/>\n<meta property=\"og:description\" content=\"Portal ISO \u00e9 um Software de Gest\u00e3o da Qualidade completo, desenvolvido em parceria com a UFV. Combina altissima qualidade e baixo pre\u00e7o.\" \/>\n<meta property=\"og:url\" content=\"https:\/\/portal.portaliso.com\/software-gestao-qualidade\/qualidade-precos\/\" \/>\n<meta property=\"og:site_name\" content=\"Info Portal ISO\" \/>\n<meta property=\"article:modified_time\" content=\"2025-01-22T14:41:05+00:00\" \/>\n<meta name=\"twitter:card\" content=\"summary_large_image\" \/>\n<meta name=\"twitter:label1\" content=\"Est. tempo de leitura\" \/>\n\t<meta name=\"twitter:data1\" content=\"4 minutos\" \/>\n<script type=\"application\/ld+json\" class=\"yoast-schema-graph\">{\"@context\":\"https:\/\/schema.org\",\"@graph\":[{\"@type\":\"WebPage\",\"@id\":\"https:\/\/portal.portaliso.com\/software-gestao-qualidade\/qualidade-precos\/\",\"url\":\"https:\/\/portal.portaliso.com\/software-gestao-qualidade\/qualidade-precos\/\",\"name\":\"Qualidade & Pre\u00e7os - Software Gest\u00e3o Qualidade Portal ISO\",\"isPartOf\":{\"@id\":\"https:\/\/portal.portaliso.com\/software-gestao-qualidade\/#website\"},\"datePublished\":\"2019-09-03T14:02:06+00:00\",\"dateModified\":\"2025-01-22T14:41:05+00:00\",\"description\":\"Portal ISO \u00e9 um Software de Gest\u00e3o da Qualidade completo, desenvolvido em parceria com a UFV. Combina altissima qualidade e baixo pre\u00e7o.\",\"breadcrumb\":{\"@id\":\"https:\/\/portal.portaliso.com\/software-gestao-qualidade\/qualidade-precos\/#breadcrumb\"},\"inLanguage\":\"pt-BR\",\"potentialAction\":[{\"@type\":\"ReadAction\",\"target\":[\"https:\/\/portal.portaliso.com\/software-gestao-qualidade\/qualidade-precos\/\"]}]},{\"@type\":\"BreadcrumbList\",\"@id\":\"https:\/\/portal.portaliso.com\/software-gestao-qualidade\/qualidade-precos\/#breadcrumb\",\"itemListElement\":[{\"@type\":\"ListItem\",\"position\":1,\"name\":\"In\u00edcio\",\"item\":\"https:\/\/portal.portaliso.com\/software-gestao-qualidade\/\"},{\"@type\":\"ListItem\",\"position\":2,\"name\":\"Qualidade &#038; Pre\u00e7os\"}]},{\"@type\":\"WebSite\",\"@id\":\"https:\/\/portal.portaliso.com\/software-gestao-qualidade\/#website\",\"url\":\"https:\/\/portal.portaliso.com\/software-gestao-qualidade\/\",\"name\":\"Info Portal ISO\",\"description\":\"\",\"potentialAction\":[{\"@type\":\"SearchAction\",\"target\":{\"@type\":\"EntryPoint\",\"urlTemplate\":\"https:\/\/portal.portaliso.com\/software-gestao-qualidade\/?s={search_term_string}\"},\"query-input\":{\"@type\":\"PropertyValueSpecification\",\"valueRequired\":true,\"valueName\":\"search_term_string\"}}],\"inLanguage\":\"pt-BR\"}]}<\/script>\n<!-- \/ Yoast SEO plugin. -->","yoast_head_json":{"title":"Qualidade & Pre\u00e7os - Software Gest\u00e3o Qualidade Portal ISO","description":"Portal ISO \u00e9 um Software de Gest\u00e3o da Qualidade completo, desenvolvido em parceria com a UFV. Combina altissima qualidade e baixo pre\u00e7o.","robots":{"index":"index","follow":"follow","max-snippet":"max-snippet:-1","max-image-preview":"max-image-preview:large","max-video-preview":"max-video-preview:-1"},"canonical":"https:\/\/portal.portaliso.com\/software-gestao-qualidade\/qualidade-precos\/","og_locale":"pt_BR","og_type":"article","og_title":"Qualidade & Pre\u00e7os - Software Gest\u00e3o Qualidade Portal ISO","og_description":"Portal ISO \u00e9 um Software de Gest\u00e3o da Qualidade completo, desenvolvido em parceria com a UFV. Combina altissima qualidade e baixo pre\u00e7o.","og_url":"https:\/\/portal.portaliso.com\/software-gestao-qualidade\/qualidade-precos\/","og_site_name":"Info Portal ISO","article_modified_time":"2025-01-22T14:41:05+00:00","twitter_card":"summary_large_image","twitter_misc":{"Est. tempo de leitura":"4 minutos"},"schema":{"@context":"https:\/\/schema.org","@graph":[{"@type":"WebPage","@id":"https:\/\/portal.portaliso.com\/software-gestao-qualidade\/qualidade-precos\/","url":"https:\/\/portal.portaliso.com\/software-gestao-qualidade\/qualidade-precos\/","name":"Qualidade & Pre\u00e7os - Software Gest\u00e3o Qualidade Portal ISO","isPartOf":{"@id":"https:\/\/portal.portaliso.com\/software-gestao-qualidade\/#website"},"datePublished":"2019-09-03T14:02:06+00:00","dateModified":"2025-01-22T14:41:05+00:00","description":"Portal ISO \u00e9 um Software de Gest\u00e3o da Qualidade completo, desenvolvido em parceria com a UFV. Combina altissima qualidade e baixo pre\u00e7o.","breadcrumb":{"@id":"https:\/\/portal.portaliso.com\/software-gestao-qualidade\/qualidade-precos\/#breadcrumb"},"inLanguage":"pt-BR","potentialAction":[{"@type":"ReadAction","target":["https:\/\/portal.portaliso.com\/software-gestao-qualidade\/qualidade-precos\/"]}]},{"@type":"BreadcrumbList","@id":"https:\/\/portal.portaliso.com\/software-gestao-qualidade\/qualidade-precos\/#breadcrumb","itemListElement":[{"@type":"ListItem","position":1,"name":"In\u00edcio","item":"https:\/\/portal.portaliso.com\/software-gestao-qualidade\/"},{"@type":"ListItem","position":2,"name":"Qualidade &#038; Pre\u00e7os"}]},{"@type":"WebSite","@id":"https:\/\/portal.portaliso.com\/software-gestao-qualidade\/#website","url":"https:\/\/portal.portaliso.com\/software-gestao-qualidade\/","name":"Info Portal ISO","description":"","potentialAction":[{"@type":"SearchAction","target":{"@type":"EntryPoint","urlTemplate":"https:\/\/portal.portaliso.com\/software-gestao-qualidade\/?s={search_term_string}"},"query-input":{"@type":"PropertyValueSpecification","valueRequired":true,"valueName":"search_term_string"}}],"inLanguage":"pt-BR"}]}},"_links":{"self":[{"href":"https:\/\/portal.portaliso.com\/software-gestao-qualidade\/wp-json\/wp\/v2\/pages\/45","targetHints":{"allow":["GET"]}}],"collection":[{"href":"https:\/\/portal.portaliso.com\/software-gestao-qualidade\/wp-json\/wp\/v2\/pages"}],"about":[{"href":"https:\/\/portal.portaliso.com\/software-gestao-qualidade\/wp-json\/wp\/v2\/types\/page"}],"author":[{"embeddable":true,"href":"https:\/\/portal.portaliso.com\/software-gestao-qualidade\/wp-json\/wp\/v2\/users\/1"}],"replies":[{"embeddable":true,"href":"https:\/\/portal.portaliso.com\/software-gestao-qualidade\/wp-json\/wp\/v2\/comments?post=45"}],"version-history":[{"count":20,"href":"https:\/\/portal.portaliso.com\/software-gestao-qualidade\/wp-json\/wp\/v2\/pages\/45\/revisions"}],"predecessor-version":[{"id":1365,"href":"https:\/\/portal.portaliso.com\/software-gestao-qualidade\/wp-json\/wp\/v2\/pages\/45\/revisions\/1365"}],"wp:attachment":[{"href":"https:\/\/portal.portaliso.com\/software-gestao-qualidade\/wp-json\/wp\/v2\/media?parent=45"}],"curies":[{"name":"wp","href":"https:\/\/api.w.org\/{rel}","templated":true}]}}