{"id":29,"date":"2019-09-02T17:02:29","date_gmt":"2019-09-02T20:02:29","guid":{"rendered":"http:\/\/infoportal.portaliso.com\/software-gestao-qualidade\/?page_id=29"},"modified":"2019-09-10T17:59:05","modified_gmt":"2019-09-10T20:59:05","slug":"info-portal-iso","status":"publish","type":"page","link":"https:\/\/portal.portaliso.com\/software-gestao-qualidade\/","title":{"rendered":"Informa\u00e7\u00f5es Portal ISO"},"content":{"rendered":"<h5>Informa\u00e7\u00f5es Sobre o Portal ISO<\/h5>\n<p style=\"padding-left: 30px;\"><img loading=\"lazy\" decoding=\"async\" class=\"alignnone wp-image-83 size-full\" title=\"Portal ISO\" src=\"\/software-gestao-qualidade\/wp-content\/uploads\/2019\/09\/ISO-9001-1.png\" alt=\"Software de Gest\u00e3o da Qualidade (SGQ) ISO 9001\" width=\"20\" height=\"20\" \/>\u00a0<a href=\"\/software-gestao-qualidade\/como-testar-gratuitamente\/\">Como Testar Gratuitamente?<\/a><\/p>\n<p style=\"padding-left: 30px;\"><img loading=\"lazy\" decoding=\"async\" class=\"alignnone wp-image-82 size-full\" title=\"Portal ISO\" src=\"\/software-gestao-qualidade\/wp-content\/uploads\/2019\/09\/ISO-9001-2.png\" alt=\"Software de Gest\u00e3o da Qualidade (SGQ) ISO 9001\" width=\"20\" height=\"19\" \/>\u00a0<a href=\"\/software-gestao-qualidade\/principais-funcionalidades\/\">Principais Funcionalidades<\/a><\/p>\n<p style=\"padding-left: 30px;\"><img loading=\"lazy\" decoding=\"async\" class=\"alignnone wp-image-81 size-full\" title=\"Portal ISO\" src=\"\/software-gestao-qualidade\/wp-content\/uploads\/2019\/09\/ISO-9001-3.png\" alt=\"Software de Gest\u00e3o da Qualidade (SGQ) ISO 9001\" width=\"20\" height=\"20\" \/>\u00a0<a href=\"\/software-gestao-qualidade\/qualidade-precos\/\">Qualidade &amp; Pre\u00e7os<\/a><\/p>\n<p style=\"padding-left: 30px;\"><img loading=\"lazy\" decoding=\"async\" class=\"alignnone wp-image-80 size-full\" title=\"Portal ISO\" src=\"\/software-gestao-qualidade\/wp-content\/uploads\/2019\/09\/ISO-9001-4.png\" alt=\"Software de Gest\u00e3o da Qualidade (SGQ) ISO 9001\" width=\"20\" height=\"20\" \/>\u00a0<a href=\"\/software-gestao-qualidade\/seguranca-da-informacao\/\">Seguran\u00e7a da Informa\u00e7\u00e3o<\/a><\/p>\n<p style=\"padding-left: 30px;\"><img loading=\"lazy\" decoding=\"async\" class=\"alignnone wp-image-79 size-full\" title=\"Portal ISO\" src=\"\/software-gestao-qualidade\/wp-content\/uploads\/2019\/09\/ISO-9001-5.png\" alt=\"Software de Gest\u00e3o da Qualidade (SGQ) ISO 9001\" width=\"20\" height=\"20\" \/>\u00a0<a href=\"\/software-gestao-qualidade\/melhoria-continua\/\">Melhoria Cont\u00ednua<\/a><\/p>\n<p style=\"padding-left: 30px;\"><img loading=\"lazy\" decoding=\"async\" class=\"alignnone wp-image-78 size-full\" title=\"Portal ISO\" src=\"\/software-gestao-qualidade\/wp-content\/uploads\/2019\/09\/ISO-9001-6.png\" alt=\"Software de Gest\u00e3o da Qualidade (SGQ) ISO 9001\" width=\"20\" height=\"19\" \/>\u00a0<a href=\"\/software-gestao-qualidade\/suporte-e-treinamento-ilimitado\/\">Suporte e Treinamento Ilimitado<\/a><\/p>\n<p>&nbsp;<\/p>\n<h5>Informa\u00e7\u00f5es para Usu\u00e1rios do Portal ISO<\/h5>\n<p style=\"padding-left: 30px;\"><img loading=\"lazy\" decoding=\"async\" class=\"alignnone wp-image-83 size-full\" title=\"Portal ISO\" src=\"\/software-gestao-qualidade\/wp-content\/uploads\/2019\/09\/ISO-9001-1.png\" alt=\"Software de Gest\u00e3o da Qualidade (SGQ) ISO 9001\" width=\"20\" height=\"20\" \/> <a href=\"\/software-gestao-qualidade\/como-criar-novo-usuario\/\">Como criar novo usu\u00e1rio?<\/a><\/p>\n<p style=\"padding-left: 30px;\"><img loading=\"lazy\" decoding=\"async\" class=\"alignnone wp-image-82 size-full\" title=\"Portal ISO\" src=\"\/software-gestao-qualidade\/wp-content\/uploads\/2019\/09\/ISO-9001-2.png\" alt=\"Software de Gest\u00e3o da Qualidade (SGQ) ISO 9001\" width=\"20\" height=\"19\" \/> <a href=\"\/software-gestao-qualidade\/como-editar-usuario\/\">Como editar usu\u00e1rio?<\/a><\/p>\n<p style=\"padding-left: 30px;\"><img loading=\"lazy\" decoding=\"async\" class=\"alignnone wp-image-81 size-full\" title=\"Portal ISO\" src=\"\/software-gestao-qualidade\/wp-content\/uploads\/2019\/09\/ISO-9001-3.png\" alt=\"Software de Gest\u00e3o da Qualidade (SGQ) ISO 9001\" width=\"20\" height=\"20\" \/> <a href=\"\/software-gestao-qualidade\/como-liberar-acesso-de-um-usuario\/\">Como liberar acesso de um usu\u00e1rio?<\/a><\/p>\n<p style=\"padding-left: 30px;\"><img loading=\"lazy\" decoding=\"async\" class=\"alignnone wp-image-80 size-full\" title=\"Portal ISO\" src=\"\/software-gestao-qualidade\/wp-content\/uploads\/2019\/09\/ISO-9001-4.png\" alt=\"Software de Gest\u00e3o da Qualidade (SGQ) ISO 9001\" width=\"20\" height=\"20\" \/> <a href=\"\/software-gestao-qualidade\/como-recuperar-a-minha-senha\/\">Como recuperar a minha senha?<\/a><\/p>\n<p style=\"padding-left: 30px;\"><img loading=\"lazy\" decoding=\"async\" class=\"alignnone wp-image-79 size-full\" title=\"Portal ISO\" src=\"\/software-gestao-qualidade\/wp-content\/uploads\/2019\/09\/ISO-9001-5.png\" alt=\"Software de Gest\u00e3o da Qualidade (SGQ) ISO 9001\" width=\"20\" height=\"20\" \/> <a href=\"\/software-gestao-qualidade\/como-desbloquear-o-meu-acesso\/\">Como desbloquear o meu acesso?<\/a><\/p>\n<p style=\"padding-left: 30px;\"><img loading=\"lazy\" decoding=\"async\" class=\"alignnone wp-image-78 size-full\" title=\"Portal ISO\" src=\"\/software-gestao-qualidade\/wp-content\/uploads\/2019\/09\/ISO-9001-6.png\" alt=\"Software de Gest\u00e3o da Qualidade (SGQ) ISO 9001\" width=\"20\" height=\"19\" \/>\u00a0<a href=\"\/software-gestao-qualidade\/contrato\">Contrato de Presta\u00e7\u00e3o de Servi\u00e7o<\/a><\/p>\n","protected":false},"excerpt":{"rendered":"<p>Informa\u00e7\u00f5es Sobre o Portal ISO \u00a0Como Testar Gratuitamente? \u00a0Principais Funcionalidades \u00a0Qualidade &amp; Pre\u00e7os \u00a0Seguran\u00e7a da Informa\u00e7\u00e3o \u00a0Melhoria Cont\u00ednua \u00a0Suporte e Treinamento Ilimitado &nbsp; Informa\u00e7\u00f5es para Usu\u00e1rios do Portal ISO Como criar novo usu\u00e1rio? Como editar usu\u00e1rio? Como liberar acesso de um usu\u00e1rio? Como recuperar a minha senha? Como desbloquear o meu acesso? \u00a0Contrato de Presta\u00e7\u00e3o [&hellip;]<\/p>\n","protected":false},"author":1,"featured_media":0,"parent":0,"menu_order":0,"comment_status":"closed","ping_status":"closed","template":"","meta":{"footnotes":""},"class_list":["post-29","page","type-page","status-publish","hentry"],"yoast_head":"<!-- This site is optimized with the Yoast SEO plugin v24.3 - https:\/\/yoast.com\/wordpress\/plugins\/seo\/ -->\n<title>Informa\u00e7\u00f5es Portal ISO - Info Portal ISO<\/title>\n<meta name=\"robots\" content=\"index, follow, max-snippet:-1, max-image-preview:large, max-video-preview:-1\" \/>\n<link rel=\"canonical\" href=\"https:\/\/portal.portaliso.com\/software-gestao-qualidade\/\" \/>\n<meta property=\"og:locale\" content=\"pt_BR\" \/>\n<meta property=\"og:type\" content=\"article\" \/>\n<meta property=\"og:title\" content=\"Informa\u00e7\u00f5es Portal ISO - Info Portal ISO\" \/>\n<meta property=\"og:description\" content=\"Informa\u00e7\u00f5es Sobre o Portal ISO \u00a0Como Testar Gratuitamente? \u00a0Principais Funcionalidades \u00a0Qualidade &amp; Pre\u00e7os \u00a0Seguran\u00e7a da Informa\u00e7\u00e3o \u00a0Melhoria Cont\u00ednua \u00a0Suporte e Treinamento Ilimitado &nbsp; Informa\u00e7\u00f5es para Usu\u00e1rios do Portal ISO Como criar novo usu\u00e1rio? Como editar usu\u00e1rio? Como liberar acesso de um usu\u00e1rio? Como recuperar a minha senha? Como desbloquear o meu acesso? \u00a0Contrato de Presta\u00e7\u00e3o [&hellip;]\" \/>\n<meta property=\"og:url\" content=\"https:\/\/portal.portaliso.com\/software-gestao-qualidade\/\" \/>\n<meta property=\"og:site_name\" content=\"Info Portal ISO\" \/>\n<meta property=\"article:modified_time\" content=\"2019-09-10T20:59:05+00:00\" \/>\n<meta name=\"twitter:card\" content=\"summary_large_image\" \/>\n<script type=\"application\/ld+json\" class=\"yoast-schema-graph\">{\"@context\":\"https:\/\/schema.org\",\"@graph\":[{\"@type\":\"WebPage\",\"@id\":\"https:\/\/portal.portaliso.com\/software-gestao-qualidade\/\",\"url\":\"https:\/\/portal.portaliso.com\/software-gestao-qualidade\/\",\"name\":\"Informa\u00e7\u00f5es Portal ISO - Info Portal ISO\",\"isPartOf\":{\"@id\":\"https:\/\/portal.portaliso.com\/software-gestao-qualidade\/#website\"},\"datePublished\":\"2019-09-02T20:02:29+00:00\",\"dateModified\":\"2019-09-10T20:59:05+00:00\",\"breadcrumb\":{\"@id\":\"https:\/\/portal.portaliso.com\/software-gestao-qualidade\/#breadcrumb\"},\"inLanguage\":\"pt-BR\",\"potentialAction\":[{\"@type\":\"ReadAction\",\"target\":[\"https:\/\/portal.portaliso.com\/software-gestao-qualidade\/\"]}]},{\"@type\":\"BreadcrumbList\",\"@id\":\"https:\/\/portal.portaliso.com\/software-gestao-qualidade\/#breadcrumb\",\"itemListElement\":[{\"@type\":\"ListItem\",\"position\":1,\"name\":\"In\u00edcio\",\"item\":\"https:\/\/portal.portaliso.com\/software-gestao-qualidade\/\"},{\"@type\":\"ListItem\",\"position\":2,\"name\":\"Informa\u00e7\u00f5es Portal ISO\"}]},{\"@type\":\"WebSite\",\"@id\":\"https:\/\/portal.portaliso.com\/software-gestao-qualidade\/#website\",\"url\":\"https:\/\/portal.portaliso.com\/software-gestao-qualidade\/\",\"name\":\"Info Portal ISO\",\"description\":\"\",\"potentialAction\":[{\"@type\":\"SearchAction\",\"target\":{\"@type\":\"EntryPoint\",\"urlTemplate\":\"https:\/\/portal.portaliso.com\/software-gestao-qualidade\/?s={search_term_string}\"},\"query-input\":{\"@type\":\"PropertyValueSpecification\",\"valueRequired\":true,\"valueName\":\"search_term_string\"}}],\"inLanguage\":\"pt-BR\"}]}<\/script>\n<!-- \/ Yoast SEO plugin. -->","yoast_head_json":{"title":"Informa\u00e7\u00f5es Portal ISO - Info Portal ISO","robots":{"index":"index","follow":"follow","max-snippet":"max-snippet:-1","max-image-preview":"max-image-preview:large","max-video-preview":"max-video-preview:-1"},"canonical":"https:\/\/portal.portaliso.com\/software-gestao-qualidade\/","og_locale":"pt_BR","og_type":"article","og_title":"Informa\u00e7\u00f5es Portal ISO - Info Portal ISO","og_description":"Informa\u00e7\u00f5es Sobre o Portal ISO \u00a0Como Testar Gratuitamente? \u00a0Principais Funcionalidades \u00a0Qualidade &amp; Pre\u00e7os \u00a0Seguran\u00e7a da Informa\u00e7\u00e3o \u00a0Melhoria Cont\u00ednua \u00a0Suporte e Treinamento Ilimitado &nbsp; Informa\u00e7\u00f5es para Usu\u00e1rios do Portal ISO Como criar novo usu\u00e1rio? Como editar usu\u00e1rio? Como liberar acesso de um usu\u00e1rio? Como recuperar a minha senha? Como desbloquear o meu acesso? \u00a0Contrato de Presta\u00e7\u00e3o [&hellip;]","og_url":"https:\/\/portal.portaliso.com\/software-gestao-qualidade\/","og_site_name":"Info Portal ISO","article_modified_time":"2019-09-10T20:59:05+00:00","twitter_card":"summary_large_image","schema":{"@context":"https:\/\/schema.org","@graph":[{"@type":"WebPage","@id":"https:\/\/portal.portaliso.com\/software-gestao-qualidade\/","url":"https:\/\/portal.portaliso.com\/software-gestao-qualidade\/","name":"Informa\u00e7\u00f5es Portal ISO - Info Portal ISO","isPartOf":{"@id":"https:\/\/portal.portaliso.com\/software-gestao-qualidade\/#website"},"datePublished":"2019-09-02T20:02:29+00:00","dateModified":"2019-09-10T20:59:05+00:00","breadcrumb":{"@id":"https:\/\/portal.portaliso.com\/software-gestao-qualidade\/#breadcrumb"},"inLanguage":"pt-BR","potentialAction":[{"@type":"ReadAction","target":["https:\/\/portal.portaliso.com\/software-gestao-qualidade\/"]}]},{"@type":"BreadcrumbList","@id":"https:\/\/portal.portaliso.com\/software-gestao-qualidade\/#breadcrumb","itemListElement":[{"@type":"ListItem","position":1,"name":"In\u00edcio","item":"https:\/\/portal.portaliso.com\/software-gestao-qualidade\/"},{"@type":"ListItem","position":2,"name":"Informa\u00e7\u00f5es Portal ISO"}]},{"@type":"WebSite","@id":"https:\/\/portal.portaliso.com\/software-gestao-qualidade\/#website","url":"https:\/\/portal.portaliso.com\/software-gestao-qualidade\/","name":"Info Portal ISO","description":"","potentialAction":[{"@type":"SearchAction","target":{"@type":"EntryPoint","urlTemplate":"https:\/\/portal.portaliso.com\/software-gestao-qualidade\/?s={search_term_string}"},"query-input":{"@type":"PropertyValueSpecification","valueRequired":true,"valueName":"search_term_string"}}],"inLanguage":"pt-BR"}]}},"_links":{"self":[{"href":"https:\/\/portal.portaliso.com\/software-gestao-qualidade\/wp-json\/wp\/v2\/pages\/29","targetHints":{"allow":["GET"]}}],"collection":[{"href":"https:\/\/portal.portaliso.com\/software-gestao-qualidade\/wp-json\/wp\/v2\/pages"}],"about":[{"href":"https:\/\/portal.portaliso.com\/software-gestao-qualidade\/wp-json\/wp\/v2\/types\/page"}],"author":[{"embeddable":true,"href":"https:\/\/portal.portaliso.com\/software-gestao-qualidade\/wp-json\/wp\/v2\/users\/1"}],"replies":[{"embeddable":true,"href":"https:\/\/portal.portaliso.com\/software-gestao-qualidade\/wp-json\/wp\/v2\/comments?post=29"}],"version-history":[{"count":21,"href":"https:\/\/portal.portaliso.com\/software-gestao-qualidade\/wp-json\/wp\/v2\/pages\/29\/revisions"}],"predecessor-version":[{"id":350,"href":"https:\/\/portal.portaliso.com\/software-gestao-qualidade\/wp-json\/wp\/v2\/pages\/29\/revisions\/350"}],"wp:attachment":[{"href":"https:\/\/portal.portaliso.com\/software-gestao-qualidade\/wp-json\/wp\/v2\/media?parent=29"}],"curies":[{"name":"wp","href":"https:\/\/api.w.org\/{rel}","templated":true}]}}