{"id":227,"date":"2019-09-05T16:20:05","date_gmt":"2019-09-05T19:20:05","guid":{"rendered":"http:\/\/portal.portaliso.com\/software-gestao-qualidade\/?page_id=227"},"modified":"2023-03-14T15:06:36","modified_gmt":"2023-03-14T18:06:36","slug":"seguranca-da-informacao","status":"publish","type":"page","link":"https:\/\/portal.portaliso.com\/software-gestao-qualidade\/seguranca-da-informacao\/","title":{"rendered":"Seguran\u00e7a da Informa\u00e7\u00e3o"},"content":{"rendered":"<h4><img loading=\"lazy\" decoding=\"async\" class=\"alignnone wp-image-174 size-full\" title=\"Seguran\u00e7a da Informa\u00e7\u00e3o\" src=\"\/software-gestao-qualidade\/wp-content\/uploads\/2019\/09\/NBR-ISO-9001-4.jpg\" alt=\"Software de Gest\u00e3o da Qualidade (SGQ) - ISO 9001\" width=\"33\" height=\"30\" \/>\u00a0Seguran\u00e7a da Informa\u00e7\u00e3o<\/h4>\n<p><img loading=\"lazy\" decoding=\"async\" class=\"aligncenter wp-image-310 size-medium\" title=\"Seguran\u00e7a da Informa\u00e7\u00e3o\" src=\"\/software-gestao-qualidade\/wp-content\/uploads\/2019\/09\/Seguran\u00e7a-da-Informa\u00e7\u00e3o-300x196.jpg\" alt=\"Software de Gest\u00e3o da Qualidade (SGQ) - ISO 9001\" width=\"300\" height=\"196\" srcset=\"https:\/\/portal.portaliso.com\/software-gestao-qualidade\/wp-content\/uploads\/2019\/09\/Seguran\u00e7a-da-Informa\u00e7\u00e3o-300x196.jpg 300w, https:\/\/portal.portaliso.com\/software-gestao-qualidade\/wp-content\/uploads\/2019\/09\/Seguran\u00e7a-da-Informa\u00e7\u00e3o-100x65.jpg 100w, https:\/\/portal.portaliso.com\/software-gestao-qualidade\/wp-content\/uploads\/2019\/09\/Seguran\u00e7a-da-Informa\u00e7\u00e3o-275x180.jpg 275w, https:\/\/portal.portaliso.com\/software-gestao-qualidade\/wp-content\/uploads\/2019\/09\/Seguran\u00e7a-da-Informa\u00e7\u00e3o.jpg 306w\" sizes=\"auto, (max-width: 300px) 100vw, 300px\" \/><\/p>\n<p style=\"text-align: justify;\">O <strong><span style=\"color: #ff9900;\">Portal<\/span>\u00a0<span style=\"color: #ff9900;\">ISO<\/span><\/strong> utiliza as boas pr\u00e1ticas da seguran\u00e7a da informa\u00e7\u00e3o, incluindo aquelas recomendadas pela <strong>ISO 27001<\/strong>. Essa \u00e9 uma norma para sistema de gest\u00e3o da seguran\u00e7a da informa\u00e7\u00e3o e o <strong><span style=\"color: #ff9900;\">Portal<\/span>\u00a0<span style=\"color: #ff9900;\">ISO<\/span><\/strong> est\u00e1 em processo de implementa\u00e7\u00e3o.<\/p>\n<p style=\"text-align: justify;\">A implementa\u00e7\u00e3o e certifica\u00e7\u00e3o na ISO 27001 demonstra a maturidade e conformidade do SGSI (Sistema de Gest\u00e3o da Seguran\u00e7a da Informa\u00e7\u00e3o) de uma organiza\u00e7\u00e3o com as melhores pr\u00e1ticas do mercado internacional,\u00a0 com vistas a proteger e garantir a seguran\u00e7a\u00a0 de seus clientes, incluindo a\u00a0<strong>confidencialidade<\/strong>, <strong>integridade<\/strong>\u00a0e\u00a0<strong>disponibilidade<\/strong>\u00a0das informa\u00e7\u00f5es.<\/p>\n<p>&nbsp;<\/p>\n<h5><img loading=\"lazy\" decoding=\"async\" class=\"alignnone wp-image-179 size-full\" title=\"Boas Pr\u00e1ticas da Seguran\u00e7a da Informa\u00e7\u00e3o\" src=\"\/software-gestao-qualidade\/wp-content\/uploads\/2019\/09\/NBR-ISO-9001-3-1.jpg\" alt=\"Software de Gest\u00e3o da Qualidade (SGQ) - ISO 9001\" width=\"32\" height=\"30\" \/>\u00a0Boas Pr\u00e1ticas da Seguran\u00e7a da Informa\u00e7\u00e3o<\/h5>\n<h6 style=\"text-align: left; padding-left: 30px;\"><span style=\"color: #008080;\"><img loading=\"lazy\" decoding=\"async\" class=\"alignnone wp-image-83 size-full\" title=\"Sigilo\" src=\"\/software-gestao-qualidade\/wp-content\/uploads\/2019\/09\/ISO-9001-1.png\" alt=\" Software de Gest\u00e3o da Qualidade (SGQ) - ISO 9001\" width=\"20\" height=\"20\" \/>\u00a0<\/span>Sigilo<\/h6>\n<p style=\"padding-left: 30px; text-align: justify;\">O <strong><span style=\"color: #ff9900;\">Portal<\/span>\u00a0<span style=\"color: #ff9900;\">ISO<\/span><\/strong> se obriga e se compromete a manter o mais absoluto sigilo com rela\u00e7\u00e3o a todas as informa\u00e7\u00f5es, orienta\u00e7\u00f5es e dados que lhe sejam fornecidos atrav\u00e9s do software ou a que tenham acesso, de qualquer forma e a qualquer tempo. Todos os dados de nossos clientes constituem segredo de neg\u00f3cio.<\/p>\n<h6 style=\"text-align: left; padding-left: 30px;\"><span style=\"color: #ff9900;\"><img loading=\"lazy\" decoding=\"async\" class=\"alignnone wp-image-82 size-full\" title=\"Seguran\u00e7a e Backup das Informa\u00e7\u00f5es\" src=\"\/software-gestao-qualidade\/wp-content\/uploads\/2019\/09\/ISO-9001-2.png\" alt=\" Software de Gest\u00e3o da Qualidade (SGQ) - ISO 9001\" width=\"20\" height=\"19\" \/>\u00a0<\/span>Seguran\u00e7a e Backup das Informa\u00e7\u00f5es<\/h6>\n<p style=\"padding-left: 30px; text-align: justify;\">O <strong><span style=\"color: #ff9900;\">Portal<\/span>\u00a0<span style=\"color: #ff9900;\">ISO<\/span><\/strong> se obriga e se compromete a manter sistema de <strong>backup com dupla redund\u00e2ncia em tr\u00eas localiza\u00e7\u00f5es geogr\u00e1ficas diferentes<\/strong> de todos os dados\u00a0dos nossos clientes,\u00a0sob sua completa responsabilidade.<\/p>\n<p style=\"text-align: justify;\">No contrato de Presta\u00e7\u00e3o de Servi\u00e7o do <strong><span style=\"color: #ff9900;\">Portal<\/span>\u00a0<span style=\"color: #ff9900;\">ISO<\/span><\/strong>, dispon\u00edvel\u00a0<a href=\"https:\/\/www.registrocom.com\/contratos\/contrato_de_hospedagem_portal_iso.jsf\" target=\"_blank\" rel=\"noopener\">nesse link<\/a>\u00a0encontramos informa\u00e7\u00f5es sobre <strong>Sigilo e Seguran\u00e7a das Informa\u00e7\u00f5es<\/strong>.<\/p>\n","protected":false},"excerpt":{"rendered":"<p>\u00a0Seguran\u00e7a da Informa\u00e7\u00e3o O Portal\u00a0ISO utiliza as boas pr\u00e1ticas da seguran\u00e7a da informa\u00e7\u00e3o, incluindo aquelas recomendadas pela ISO 27001. Essa \u00e9 uma norma para sistema de gest\u00e3o da seguran\u00e7a da informa\u00e7\u00e3o e o Portal\u00a0ISO est\u00e1 em processo de implementa\u00e7\u00e3o. A implementa\u00e7\u00e3o e certifica\u00e7\u00e3o na ISO 27001 demonstra a maturidade e conformidade do SGSI (Sistema de [&hellip;]<\/p>\n","protected":false},"author":1,"featured_media":0,"parent":0,"menu_order":0,"comment_status":"closed","ping_status":"closed","template":"","meta":{"footnotes":""},"class_list":["post-227","page","type-page","status-publish","hentry"],"yoast_head":"<!-- This site is optimized with the Yoast SEO plugin v24.3 - https:\/\/yoast.com\/wordpress\/plugins\/seo\/ -->\n<title>Seguran\u00e7a da Informa\u00e7\u00e3o - Software Gest\u00e3o Qualidade Portal ISO<\/title>\n<meta name=\"description\" content=\"Portal ISO \u00e9 um Software de Gest\u00e3o da Qualidade completo, segue as melhores pr\u00e1ticas internacionais para seguran\u00e7a da informa\u00e7\u00e3o, incluindo ISO 27001.\" \/>\n<meta name=\"robots\" content=\"index, follow, max-snippet:-1, max-image-preview:large, max-video-preview:-1\" \/>\n<link rel=\"canonical\" href=\"https:\/\/portal.portaliso.com\/software-gestao-qualidade\/seguranca-da-informacao\/\" \/>\n<meta property=\"og:locale\" content=\"pt_BR\" \/>\n<meta property=\"og:type\" content=\"article\" \/>\n<meta property=\"og:title\" content=\"Seguran\u00e7a da Informa\u00e7\u00e3o - Software Gest\u00e3o Qualidade Portal ISO\" \/>\n<meta property=\"og:description\" content=\"Portal ISO \u00e9 um Software de Gest\u00e3o da Qualidade completo, segue as melhores pr\u00e1ticas internacionais para seguran\u00e7a da informa\u00e7\u00e3o, incluindo ISO 27001.\" \/>\n<meta property=\"og:url\" content=\"https:\/\/portal.portaliso.com\/software-gestao-qualidade\/seguranca-da-informacao\/\" \/>\n<meta property=\"og:site_name\" content=\"Info Portal ISO\" \/>\n<meta property=\"article:modified_time\" content=\"2023-03-14T18:06:36+00:00\" \/>\n<meta name=\"twitter:card\" content=\"summary_large_image\" \/>\n<meta name=\"twitter:label1\" content=\"Est. tempo de leitura\" \/>\n\t<meta name=\"twitter:data1\" content=\"1 minuto\" \/>\n<script type=\"application\/ld+json\" class=\"yoast-schema-graph\">{\"@context\":\"https:\/\/schema.org\",\"@graph\":[{\"@type\":\"WebPage\",\"@id\":\"https:\/\/portal.portaliso.com\/software-gestao-qualidade\/seguranca-da-informacao\/\",\"url\":\"https:\/\/portal.portaliso.com\/software-gestao-qualidade\/seguranca-da-informacao\/\",\"name\":\"Seguran\u00e7a da Informa\u00e7\u00e3o - Software Gest\u00e3o Qualidade Portal ISO\",\"isPartOf\":{\"@id\":\"https:\/\/portal.portaliso.com\/software-gestao-qualidade\/#website\"},\"datePublished\":\"2019-09-05T19:20:05+00:00\",\"dateModified\":\"2023-03-14T18:06:36+00:00\",\"description\":\"Portal ISO \u00e9 um Software de Gest\u00e3o da Qualidade completo, segue as melhores pr\u00e1ticas internacionais para seguran\u00e7a da informa\u00e7\u00e3o, incluindo ISO 27001.\",\"breadcrumb\":{\"@id\":\"https:\/\/portal.portaliso.com\/software-gestao-qualidade\/seguranca-da-informacao\/#breadcrumb\"},\"inLanguage\":\"pt-BR\",\"potentialAction\":[{\"@type\":\"ReadAction\",\"target\":[\"https:\/\/portal.portaliso.com\/software-gestao-qualidade\/seguranca-da-informacao\/\"]}]},{\"@type\":\"BreadcrumbList\",\"@id\":\"https:\/\/portal.portaliso.com\/software-gestao-qualidade\/seguranca-da-informacao\/#breadcrumb\",\"itemListElement\":[{\"@type\":\"ListItem\",\"position\":1,\"name\":\"In\u00edcio\",\"item\":\"https:\/\/portal.portaliso.com\/software-gestao-qualidade\/\"},{\"@type\":\"ListItem\",\"position\":2,\"name\":\"Seguran\u00e7a da Informa\u00e7\u00e3o\"}]},{\"@type\":\"WebSite\",\"@id\":\"https:\/\/portal.portaliso.com\/software-gestao-qualidade\/#website\",\"url\":\"https:\/\/portal.portaliso.com\/software-gestao-qualidade\/\",\"name\":\"Info Portal ISO\",\"description\":\"\",\"potentialAction\":[{\"@type\":\"SearchAction\",\"target\":{\"@type\":\"EntryPoint\",\"urlTemplate\":\"https:\/\/portal.portaliso.com\/software-gestao-qualidade\/?s={search_term_string}\"},\"query-input\":{\"@type\":\"PropertyValueSpecification\",\"valueRequired\":true,\"valueName\":\"search_term_string\"}}],\"inLanguage\":\"pt-BR\"}]}<\/script>\n<!-- \/ Yoast SEO plugin. -->","yoast_head_json":{"title":"Seguran\u00e7a da Informa\u00e7\u00e3o - Software Gest\u00e3o Qualidade Portal ISO","description":"Portal ISO \u00e9 um Software de Gest\u00e3o da Qualidade completo, segue as melhores pr\u00e1ticas internacionais para seguran\u00e7a da informa\u00e7\u00e3o, incluindo ISO 27001.","robots":{"index":"index","follow":"follow","max-snippet":"max-snippet:-1","max-image-preview":"max-image-preview:large","max-video-preview":"max-video-preview:-1"},"canonical":"https:\/\/portal.portaliso.com\/software-gestao-qualidade\/seguranca-da-informacao\/","og_locale":"pt_BR","og_type":"article","og_title":"Seguran\u00e7a da Informa\u00e7\u00e3o - Software Gest\u00e3o Qualidade Portal ISO","og_description":"Portal ISO \u00e9 um Software de Gest\u00e3o da Qualidade completo, segue as melhores pr\u00e1ticas internacionais para seguran\u00e7a da informa\u00e7\u00e3o, incluindo ISO 27001.","og_url":"https:\/\/portal.portaliso.com\/software-gestao-qualidade\/seguranca-da-informacao\/","og_site_name":"Info Portal ISO","article_modified_time":"2023-03-14T18:06:36+00:00","twitter_card":"summary_large_image","twitter_misc":{"Est. tempo de leitura":"1 minuto"},"schema":{"@context":"https:\/\/schema.org","@graph":[{"@type":"WebPage","@id":"https:\/\/portal.portaliso.com\/software-gestao-qualidade\/seguranca-da-informacao\/","url":"https:\/\/portal.portaliso.com\/software-gestao-qualidade\/seguranca-da-informacao\/","name":"Seguran\u00e7a da Informa\u00e7\u00e3o - Software Gest\u00e3o Qualidade Portal ISO","isPartOf":{"@id":"https:\/\/portal.portaliso.com\/software-gestao-qualidade\/#website"},"datePublished":"2019-09-05T19:20:05+00:00","dateModified":"2023-03-14T18:06:36+00:00","description":"Portal ISO \u00e9 um Software de Gest\u00e3o da Qualidade completo, segue as melhores pr\u00e1ticas internacionais para seguran\u00e7a da informa\u00e7\u00e3o, incluindo ISO 27001.","breadcrumb":{"@id":"https:\/\/portal.portaliso.com\/software-gestao-qualidade\/seguranca-da-informacao\/#breadcrumb"},"inLanguage":"pt-BR","potentialAction":[{"@type":"ReadAction","target":["https:\/\/portal.portaliso.com\/software-gestao-qualidade\/seguranca-da-informacao\/"]}]},{"@type":"BreadcrumbList","@id":"https:\/\/portal.portaliso.com\/software-gestao-qualidade\/seguranca-da-informacao\/#breadcrumb","itemListElement":[{"@type":"ListItem","position":1,"name":"In\u00edcio","item":"https:\/\/portal.portaliso.com\/software-gestao-qualidade\/"},{"@type":"ListItem","position":2,"name":"Seguran\u00e7a da Informa\u00e7\u00e3o"}]},{"@type":"WebSite","@id":"https:\/\/portal.portaliso.com\/software-gestao-qualidade\/#website","url":"https:\/\/portal.portaliso.com\/software-gestao-qualidade\/","name":"Info Portal ISO","description":"","potentialAction":[{"@type":"SearchAction","target":{"@type":"EntryPoint","urlTemplate":"https:\/\/portal.portaliso.com\/software-gestao-qualidade\/?s={search_term_string}"},"query-input":{"@type":"PropertyValueSpecification","valueRequired":true,"valueName":"search_term_string"}}],"inLanguage":"pt-BR"}]}},"_links":{"self":[{"href":"https:\/\/portal.portaliso.com\/software-gestao-qualidade\/wp-json\/wp\/v2\/pages\/227","targetHints":{"allow":["GET"]}}],"collection":[{"href":"https:\/\/portal.portaliso.com\/software-gestao-qualidade\/wp-json\/wp\/v2\/pages"}],"about":[{"href":"https:\/\/portal.portaliso.com\/software-gestao-qualidade\/wp-json\/wp\/v2\/types\/page"}],"author":[{"embeddable":true,"href":"https:\/\/portal.portaliso.com\/software-gestao-qualidade\/wp-json\/wp\/v2\/users\/1"}],"replies":[{"embeddable":true,"href":"https:\/\/portal.portaliso.com\/software-gestao-qualidade\/wp-json\/wp\/v2\/comments?post=227"}],"version-history":[{"count":13,"href":"https:\/\/portal.portaliso.com\/software-gestao-qualidade\/wp-json\/wp\/v2\/pages\/227\/revisions"}],"predecessor-version":[{"id":496,"href":"https:\/\/portal.portaliso.com\/software-gestao-qualidade\/wp-json\/wp\/v2\/pages\/227\/revisions\/496"}],"wp:attachment":[{"href":"https:\/\/portal.portaliso.com\/software-gestao-qualidade\/wp-json\/wp\/v2\/media?parent=227"}],"curies":[{"name":"wp","href":"https:\/\/api.w.org\/{rel}","templated":true}]}}